{"id":2088,"date":"2023-12-01T20:03:04","date_gmt":"2023-12-01T19:03:04","guid":{"rendered":"https:\/\/frenchteacherhomestay.fr\/la-regione\/"},"modified":"2024-02-17T21:02:13","modified_gmt":"2024-02-17T20:02:13","slug":"la-regione","status":"publish","type":"page","link":"https:\/\/frenchteacherhomestay.fr\/it\/la-regione\/","title":{"rendered":"La regione"},"content":{"rendered":"<div class=\"fusion-fullwidth fullwidth-box fusion-builder-row-1 fusion-flex-container nonhundred-percent-fullwidth non-hundred-percent-height-scrolling\" style=\"--awb-border-radius-top-left:0px;--awb-border-radius-top-right:0px;--awb-border-radius-bottom-right:0px;--awb-border-radius-bottom-left:0px;--awb-padding-top:0px;--awb-padding-bottom:0px;--awb-padding-top-small:0px;--awb-padding-right-small:0px;--awb-padding-bottom-small:0px;--awb-padding-left-small:0px;--awb-background-color:var(--awb-custom_color_4);--awb-flex-wrap:wrap;\" ><div class=\"fusion-builder-row fusion-row fusion-flex-align-items-flex-start fusion-flex-content-wrap\" style=\"max-width:1248px;margin-left: calc(-4% \/ 2 );margin-right: calc(-4% \/ 2 );\"><div class=\"fusion-layout-column fusion_builder_column fusion-builder-column-0 fusion_builder_column_1_1 1_1 fusion-flex-column\" style=\"--awb-bg-size:cover;--awb-width-large:100%;--awb-margin-top-large:0px;--awb-spacing-right-large:1.92%;--awb-margin-bottom-large:20px;--awb-spacing-left-large:1.92%;--awb-width-medium:100%;--awb-order-medium:0;--awb-spacing-right-medium:1.92%;--awb-spacing-left-medium:1.92%;--awb-width-small:100%;--awb-order-small:0;--awb-spacing-right-small:1.92%;--awb-spacing-left-small:1.92%;\"><div class=\"fusion-column-wrapper fusion-column-has-shadow fusion-flex-justify-content-flex-start fusion-content-layout-column\"><i class=\"fb-icon-element-1 fb-icon-element fontawesome-icon bb-flower-2 circle-yes\" style=\"--awb-iconcolor:var(--awb-color8);--awb-iconcolor-hover:var(--awb-color8);--awb-circlecolor:var(--awb-custom_color_4);--awb-circlecolor-hover:var(--awb-custom_color_4);--awb-circlebordercolor:var(--awb-custom_color_4);--awb-circlebordercolor-hover:var(--awb-custom_color_4);--awb-circlebordersize:1px;--awb-font-size:61.6px;--awb-width:123.2px;--awb-height:123.2px;--awb-line-height:121.2px;--awb-margin-top:0;--awb-margin-right:0;--awb-margin-bottom:0;--awb-margin-left:0;--awb-align-self:center;\"><\/i><div class=\"fusion-title title fusion-title-1 fusion-sep-none fusion-title-center fusion-title-text fusion-title-size-one\" style=\"--awb-margin-top:-25px;--awb-margin-top-small:-25px;\"><h1 class=\"fusion-title-heading title-heading-center fusion-responsive-typography-calculated\" style=\"margin:0;text-transform:none;--fontSize:48;line-height:var(--awb-custom_typography_1-line-height);\">La regione<\/h1><\/div><div class=\"fusion-text fusion-text-1\"><p>Regione dal carattere forte e unico, la Bretagna ha fatto tesoro delle sue tradizioni per diventare una destinazione apprezzata in tutto il mondo e considerata da molti turisti la pi\u00f9 bella di Francia. La cultura bretone \u00e8 pi\u00f9 viva che mai, grazie a una serie di tradizioni popolari tutte da scoprire. Con i suoi fondali da cartolina, \u00e8 un invito al viaggio e alla meraviglia. Il Golfo di Morbihan, dove il clima \u00e8 pi\u00f9 mite, \u00e8 ricco di patrimonio: Vannes e il suo porto, Carnac e i suoi menhir, la penisola di Quiberon, magnifiche isole, Lorient e il suo Festival Interceltico&#8230;<\/p>\n<\/div><\/div><\/div><div class=\"fusion-layout-column fusion_builder_column fusion-builder-column-1 fusion_builder_column_1_1 1_1 fusion-flex-column\" style=\"--awb-bg-size:cover;--awb-width-large:100%;--awb-margin-top-large:0px;--awb-spacing-right-large:1.92%;--awb-margin-bottom-large:20px;--awb-spacing-left-large:1.92%;--awb-width-medium:100%;--awb-order-medium:0;--awb-spacing-right-medium:1.92%;--awb-spacing-left-medium:1.92%;--awb-width-small:100%;--awb-order-small:0;--awb-spacing-right-small:1.92%;--awb-spacing-left-small:1.92%;\"><div class=\"fusion-column-wrapper fusion-column-has-shadow fusion-flex-justify-content-flex-start fusion-content-layout-column\"><div class=\"awb-gallery-wrapper awb-gallery-wrapper-1 button-span-no\" style=\"--more-btn-alignment:center;\"><div style=\"margin:-5px;--awb-bordersize:0px;\" class=\"fusion-gallery fusion-gallery-container fusion-grid-3 fusion-columns-total-6 fusion-gallery-layout-grid fusion-gallery-1\"><div style=\"padding:5px;\" class=\"fusion-grid-column fusion-gallery-column fusion-gallery-column-3 hover-type-none\"><div class=\"fusion-gallery-image\"><a href=\"https:\/\/frenchteacherhomestay.fr\/wp-content\/uploads\/2023\/12\/rochefort.jpg\" rel=\"noreferrer\" data-rel=\"iLightbox[gallery_image_1]\" class=\"fusion-lightbox\" target=\"_self\"><img decoding=\"async\" src=\"https:\/\/frenchteacherhomestay.fr\/wp-content\/uploads\/2023\/12\/rochefort.jpg\" data-orig-src=\"https:\/\/frenchteacherhomestay.fr\/wp-content\/uploads\/2023\/12\/rochefort.jpg\" width=\"1000\" height=\"750\" alt=\"\" title=\"rochefort\" aria-label=\"rochefort\" class=\"lazyload img-responsive wp-image-1052\" srcset=\"data:image\/svg+xml,%3Csvg%20xmlns%3D%27http%3A%2F%2Fwww.w3.org%2F2000%2Fsvg%27%20width%3D%271000%27%20height%3D%27750%27%20viewBox%3D%270%200%201000%20750%27%3E%3Crect%20width%3D%271000%27%20height%3D%27750%27%20fill-opacity%3D%220%22%2F%3E%3C%2Fsvg%3E\" data-srcset=\"https:\/\/frenchteacherhomestay.fr\/wp-content\/uploads\/2023\/12\/rochefort-200x150.jpg 200w, https:\/\/frenchteacherhomestay.fr\/wp-content\/uploads\/2023\/12\/rochefort-400x300.jpg 400w, https:\/\/frenchteacherhomestay.fr\/wp-content\/uploads\/2023\/12\/rochefort-600x450.jpg 600w, https:\/\/frenchteacherhomestay.fr\/wp-content\/uploads\/2023\/12\/rochefort-800x600.jpg 800w, https:\/\/frenchteacherhomestay.fr\/wp-content\/uploads\/2023\/12\/rochefort.jpg 1000w\" data-sizes=\"auto\" data-orig-sizes=\"(min-width: 2200px) 100vw, (min-width: 784px) 397px, (min-width: 712px) 595px, (min-width: 640px) 712px, \" \/><\/a><\/div><\/div><div style=\"padding:5px;\" class=\"fusion-grid-column fusion-gallery-column fusion-gallery-column-3 hover-type-none\"><div class=\"fusion-gallery-image\"><a href=\"https:\/\/frenchteacherhomestay.fr\/wp-content\/uploads\/2023\/12\/quiberon.jpg\" rel=\"noreferrer\" data-rel=\"iLightbox[gallery_image_1]\" class=\"fusion-lightbox\" target=\"_self\"><img decoding=\"async\" src=\"https:\/\/frenchteacherhomestay.fr\/wp-content\/uploads\/2023\/12\/quiberon.jpg\" data-orig-src=\"https:\/\/frenchteacherhomestay.fr\/wp-content\/uploads\/2023\/12\/quiberon.jpg\" width=\"1000\" height=\"750\" alt=\"\" title=\"quiberon\" aria-label=\"quiberon\" class=\"lazyload img-responsive wp-image-1051\" srcset=\"data:image\/svg+xml,%3Csvg%20xmlns%3D%27http%3A%2F%2Fwww.w3.org%2F2000%2Fsvg%27%20width%3D%271000%27%20height%3D%27750%27%20viewBox%3D%270%200%201000%20750%27%3E%3Crect%20width%3D%271000%27%20height%3D%27750%27%20fill-opacity%3D%220%22%2F%3E%3C%2Fsvg%3E\" data-srcset=\"https:\/\/frenchteacherhomestay.fr\/wp-content\/uploads\/2023\/12\/quiberon-200x150.jpg 200w, https:\/\/frenchteacherhomestay.fr\/wp-content\/uploads\/2023\/12\/quiberon-400x300.jpg 400w, https:\/\/frenchteacherhomestay.fr\/wp-content\/uploads\/2023\/12\/quiberon-600x450.jpg 600w, https:\/\/frenchteacherhomestay.fr\/wp-content\/uploads\/2023\/12\/quiberon-800x600.jpg 800w, https:\/\/frenchteacherhomestay.fr\/wp-content\/uploads\/2023\/12\/quiberon.jpg 1000w\" data-sizes=\"auto\" data-orig-sizes=\"(min-width: 2200px) 100vw, (min-width: 784px) 397px, (min-width: 712px) 595px, (min-width: 640px) 712px, \" \/><\/a><\/div><\/div><div style=\"padding:5px;\" class=\"fusion-grid-column fusion-gallery-column fusion-gallery-column-3 hover-type-none\"><div class=\"fusion-gallery-image\"><a href=\"https:\/\/frenchteacherhomestay.fr\/wp-content\/uploads\/2023\/12\/fest-noz2.jpeg\" rel=\"noreferrer\" data-rel=\"iLightbox[gallery_image_1]\" class=\"fusion-lightbox\" target=\"_self\"><img decoding=\"async\" src=\"https:\/\/frenchteacherhomestay.fr\/wp-content\/uploads\/2023\/12\/fest-noz2.jpeg\" data-orig-src=\"https:\/\/frenchteacherhomestay.fr\/wp-content\/uploads\/2023\/12\/fest-noz2.jpeg\" width=\"768\" height=\"512\" alt=\"\" title=\"fest noz2\" aria-label=\"fest noz2\" class=\"lazyload img-responsive wp-image-1054\" srcset=\"data:image\/svg+xml,%3Csvg%20xmlns%3D%27http%3A%2F%2Fwww.w3.org%2F2000%2Fsvg%27%20width%3D%27768%27%20height%3D%27512%27%20viewBox%3D%270%200%20768%20512%27%3E%3Crect%20width%3D%27768%27%20height%3D%27512%27%20fill-opacity%3D%220%22%2F%3E%3C%2Fsvg%3E\" data-srcset=\"https:\/\/frenchteacherhomestay.fr\/wp-content\/uploads\/2023\/12\/fest-noz2-200x133.jpeg 200w, https:\/\/frenchteacherhomestay.fr\/wp-content\/uploads\/2023\/12\/fest-noz2-400x267.jpeg 400w, https:\/\/frenchteacherhomestay.fr\/wp-content\/uploads\/2023\/12\/fest-noz2-600x400.jpeg 600w, https:\/\/frenchteacherhomestay.fr\/wp-content\/uploads\/2023\/12\/fest-noz2.jpeg 768w\" data-sizes=\"auto\" data-orig-sizes=\"(min-width: 2200px) 100vw, (min-width: 784px) 397px, (min-width: 712px) 595px, (min-width: 640px) 712px, \" \/><\/a><\/div><\/div><div class=\"clearfix\"><\/div><div style=\"padding:5px;\" class=\"fusion-grid-column fusion-gallery-column fusion-gallery-column-3 hover-type-none\"><div class=\"fusion-gallery-image\"><a href=\"https:\/\/frenchteacherhomestay.fr\/wp-content\/uploads\/2023\/12\/Saint-Helene.jpg\" rel=\"noreferrer\" data-rel=\"iLightbox[gallery_image_1]\" class=\"fusion-lightbox\" target=\"_self\"><img decoding=\"async\" src=\"https:\/\/frenchteacherhomestay.fr\/wp-content\/uploads\/2023\/12\/Saint-Helene.jpg\" data-orig-src=\"https:\/\/frenchteacherhomestay.fr\/wp-content\/uploads\/2023\/12\/Saint-Helene.jpg\" width=\"1000\" height=\"750\" alt=\"\" title=\"Saint H\u00e9lene\" aria-label=\"Saint H\u00e9lene\" class=\"lazyload img-responsive wp-image-1053\" srcset=\"data:image\/svg+xml,%3Csvg%20xmlns%3D%27http%3A%2F%2Fwww.w3.org%2F2000%2Fsvg%27%20width%3D%271000%27%20height%3D%27750%27%20viewBox%3D%270%200%201000%20750%27%3E%3Crect%20width%3D%271000%27%20height%3D%27750%27%20fill-opacity%3D%220%22%2F%3E%3C%2Fsvg%3E\" data-srcset=\"https:\/\/frenchteacherhomestay.fr\/wp-content\/uploads\/2023\/12\/Saint-Helene-200x150.jpg 200w, https:\/\/frenchteacherhomestay.fr\/wp-content\/uploads\/2023\/12\/Saint-Helene-400x300.jpg 400w, https:\/\/frenchteacherhomestay.fr\/wp-content\/uploads\/2023\/12\/Saint-Helene-600x450.jpg 600w, https:\/\/frenchteacherhomestay.fr\/wp-content\/uploads\/2023\/12\/Saint-Helene-800x600.jpg 800w, https:\/\/frenchteacherhomestay.fr\/wp-content\/uploads\/2023\/12\/Saint-Helene.jpg 1000w\" data-sizes=\"auto\" data-orig-sizes=\"(min-width: 2200px) 100vw, (min-width: 784px) 397px, (min-width: 712px) 595px, (min-width: 640px) 712px, \" \/><\/a><\/div><\/div><div style=\"padding:5px;\" class=\"fusion-grid-column fusion-gallery-column fusion-gallery-column-3 hover-type-none\"><div class=\"fusion-gallery-image\"><a href=\"https:\/\/frenchteacherhomestay.fr\/wp-content\/uploads\/2023\/12\/20220821_001141-scaled.jpg\" rel=\"noreferrer\" data-rel=\"iLightbox[gallery_image_1]\" class=\"fusion-lightbox\" target=\"_self\"><img decoding=\"async\" src=\"https:\/\/frenchteacherhomestay.fr\/wp-content\/uploads\/2023\/12\/20220821_001141-scaled.jpg\" data-orig-src=\"https:\/\/frenchteacherhomestay.fr\/wp-content\/uploads\/2023\/12\/20220821_001141-scaled.jpg\" width=\"2560\" height=\"1920\" alt=\"\" title=\"20220821_001141\" aria-label=\"20220821_001141\" class=\"lazyload img-responsive wp-image-1058\" srcset=\"data:image\/svg+xml,%3Csvg%20xmlns%3D%27http%3A%2F%2Fwww.w3.org%2F2000%2Fsvg%27%20width%3D%272560%27%20height%3D%271920%27%20viewBox%3D%270%200%202560%201920%27%3E%3Crect%20width%3D%272560%27%20height%3D%271920%27%20fill-opacity%3D%220%22%2F%3E%3C%2Fsvg%3E\" data-srcset=\"https:\/\/frenchteacherhomestay.fr\/wp-content\/uploads\/2023\/12\/20220821_001141-200x150.jpg 200w, https:\/\/frenchteacherhomestay.fr\/wp-content\/uploads\/2023\/12\/20220821_001141-400x300.jpg 400w, https:\/\/frenchteacherhomestay.fr\/wp-content\/uploads\/2023\/12\/20220821_001141-600x450.jpg 600w, https:\/\/frenchteacherhomestay.fr\/wp-content\/uploads\/2023\/12\/20220821_001141-800x600.jpg 800w, https:\/\/frenchteacherhomestay.fr\/wp-content\/uploads\/2023\/12\/20220821_001141-1200x900.jpg 1200w, https:\/\/frenchteacherhomestay.fr\/wp-content\/uploads\/2023\/12\/20220821_001141-scaled.jpg 2560w\" data-sizes=\"auto\" data-orig-sizes=\"(min-width: 2200px) 100vw, (min-width: 784px) 397px, (min-width: 712px) 595px, (min-width: 640px) 712px, \" \/><\/a><\/div><\/div><div style=\"padding:5px;\" class=\"fusion-grid-column fusion-gallery-column fusion-gallery-column-3 hover-type-none\"><div class=\"fusion-gallery-image\"><a href=\"https:\/\/frenchteacherhomestay.fr\/wp-content\/uploads\/2023\/12\/20220625_204359-scaled.jpg\" rel=\"noreferrer\" data-rel=\"iLightbox[gallery_image_1]\" class=\"fusion-lightbox\" target=\"_self\"><img decoding=\"async\" src=\"https:\/\/frenchteacherhomestay.fr\/wp-content\/uploads\/2023\/12\/20220625_204359-scaled.jpg\" data-orig-src=\"https:\/\/frenchteacherhomestay.fr\/wp-content\/uploads\/2023\/12\/20220625_204359-scaled.jpg\" width=\"2560\" height=\"1920\" alt=\"\" title=\"20220625_204359\" aria-label=\"20220625_204359\" class=\"lazyload img-responsive wp-image-1059\" srcset=\"data:image\/svg+xml,%3Csvg%20xmlns%3D%27http%3A%2F%2Fwww.w3.org%2F2000%2Fsvg%27%20width%3D%272560%27%20height%3D%271920%27%20viewBox%3D%270%200%202560%201920%27%3E%3Crect%20width%3D%272560%27%20height%3D%271920%27%20fill-opacity%3D%220%22%2F%3E%3C%2Fsvg%3E\" data-srcset=\"https:\/\/frenchteacherhomestay.fr\/wp-content\/uploads\/2023\/12\/20220625_204359-200x150.jpg 200w, https:\/\/frenchteacherhomestay.fr\/wp-content\/uploads\/2023\/12\/20220625_204359-400x300.jpg 400w, https:\/\/frenchteacherhomestay.fr\/wp-content\/uploads\/2023\/12\/20220625_204359-600x450.jpg 600w, https:\/\/frenchteacherhomestay.fr\/wp-content\/uploads\/2023\/12\/20220625_204359-800x600.jpg 800w, https:\/\/frenchteacherhomestay.fr\/wp-content\/uploads\/2023\/12\/20220625_204359-1200x900.jpg 1200w, https:\/\/frenchteacherhomestay.fr\/wp-content\/uploads\/2023\/12\/20220625_204359-scaled.jpg 2560w\" data-sizes=\"auto\" data-orig-sizes=\"(min-width: 2200px) 100vw, (min-width: 784px) 397px, (min-width: 712px) 595px, (min-width: 640px) 712px, \" \/><\/a><\/div><\/div><div class=\"clearfix\"><\/div><\/div><\/div><\/div><\/div><\/div><\/div>\n","protected":false},"excerpt":{"rendered":"","protected":false},"author":2,"featured_media":0,"parent":0,"menu_order":0,"comment_status":"closed","ping_status":"closed","template":"100-width.php","meta":{"_glsr_average":0,"_glsr_ranking":0,"_glsr_reviews":0,"footnotes":""},"class_list":["post-2088","page","type-page","status-publish","hentry"],"_links":{"self":[{"href":"https:\/\/frenchteacherhomestay.fr\/it\/wp-json\/wp\/v2\/pages\/2088","targetHints":{"allow":["GET"]}}],"collection":[{"href":"https:\/\/frenchteacherhomestay.fr\/it\/wp-json\/wp\/v2\/pages"}],"about":[{"href":"https:\/\/frenchteacherhomestay.fr\/it\/wp-json\/wp\/v2\/types\/page"}],"author":[{"embeddable":true,"href":"https:\/\/frenchteacherhomestay.fr\/it\/wp-json\/wp\/v2\/users\/2"}],"replies":[{"embeddable":true,"href":"https:\/\/frenchteacherhomestay.fr\/it\/wp-json\/wp\/v2\/comments?post=2088"}],"version-history":[{"count":23,"href":"https:\/\/frenchteacherhomestay.fr\/it\/wp-json\/wp\/v2\/pages\/2088\/revisions"}],"predecessor-version":[{"id":4305,"href":"https:\/\/frenchteacherhomestay.fr\/it\/wp-json\/wp\/v2\/pages\/2088\/revisions\/4305"}],"wp:attachment":[{"href":"https:\/\/frenchteacherhomestay.fr\/it\/wp-json\/wp\/v2\/media?parent=2088"}],"curies":[{"name":"wp","href":"https:\/\/api.w.org\/{rel}","templated":true}]}}