{"id":1931,"date":"2022-12-02T16:26:08","date_gmt":"2022-12-02T15:26:08","guid":{"rendered":"https:\/\/frenchteacherhomestay.fr\/i-benefici-dellimmersione\/"},"modified":"2024-02-17T21:04:23","modified_gmt":"2024-02-17T20:04:23","slug":"i-benefici-dellimmersione","status":"publish","type":"page","link":"https:\/\/frenchteacherhomestay.fr\/it\/i-benefici-dellimmersione\/","title":{"rendered":"I benefici dell&#8217;immersione"},"content":{"rendered":"<div class=\"fusion-fullwidth fullwidth-box fusion-builder-row-1 fusion-flex-container has-pattern-background has-mask-background nonhundred-percent-fullwidth non-hundred-percent-height-scrolling\" style=\"--awb-background-position:left center;--awb-border-sizes-top:0;--awb-border-sizes-bottom:0;--awb-border-radius-top-left:0px;--awb-border-radius-top-right:0px;--awb-border-radius-bottom-right:0px;--awb-border-radius-bottom-left:0px;--awb-padding-top:0px;--awb-padding-bottom:0px;--awb-padding-top-medium:90px;--awb-padding-bottom-medium:90px;--awb-padding-top-small:0px;--awb-padding-right-small:0px;--awb-padding-bottom-small:0px;--awb-padding-left-small:0px;--awb-background-color:var(--awb-custom_color_4);--awb-flex-wrap:wrap;\" ><div class=\"fusion-builder-row fusion-row fusion-flex-align-items-flex-start fusion-flex-justify-content-center fusion-flex-content-wrap\" style=\"max-width:1248px;margin-left: calc(-4% \/ 2 );margin-right: calc(-4% \/ 2 );\"><div class=\"fusion-layout-column fusion_builder_column fusion-builder-column-0 fusion_builder_column_1_1 1_1 fusion-flex-column fusion-animated\" style=\"--awb-bg-color:var(--awb-custom_color_4);--awb-bg-color-hover:var(--awb-custom_color_4);--awb-bg-size:cover;--awb-width-large:100%;--awb-margin-top-large:0px;--awb-spacing-right-large:1.92%;--awb-margin-bottom-large:0px;--awb-spacing-left-large:1.92%;--awb-width-medium:100%;--awb-order-medium:0;--awb-spacing-right-medium:1.92%;--awb-spacing-left-medium:1.92%;--awb-width-small:100%;--awb-order-small:0;--awb-spacing-right-small:1.92%;--awb-margin-bottom-small:0px;--awb-spacing-left-small:1.92%;\" data-animationType=\"fadeInDown\" data-animationDuration=\"0.8\" data-animationDelay=\"0.2\" data-animationOffset=\"top-into-view\"><div class=\"fusion-column-wrapper fusion-column-has-shadow fusion-flex-justify-content-flex-start fusion-content-layout-column\"><i class=\"fb-icon-element-1 fb-icon-element fontawesome-icon bb-flower-2 circle-yes\" style=\"--awb-iconcolor:var(--awb-color8);--awb-iconcolor-hover:var(--awb-color8);--awb-circlecolor:var(--awb-custom_color_4);--awb-circlecolor-hover:var(--awb-custom_color_4);--awb-circlebordercolor:var(--awb-custom_color_4);--awb-circlebordercolor-hover:var(--awb-custom_color_4);--awb-circlebordersize:1px;--awb-font-size:61.6px;--awb-width:123.2px;--awb-height:123.2px;--awb-line-height:121.2px;--awb-margin-top:0;--awb-margin-right:0;--awb-margin-bottom:0;--awb-margin-left:0;--awb-align-self:center;\"><\/i><div class=\"fusion-title title fusion-title-1 fusion-sep-none fusion-title-center fusion-title-text fusion-title-size-one\" style=\"--awb-font-size:var(--awb-custom_typography_5-font-size);\"><h1 class=\"fusion-title-heading title-heading-center fusion-responsive-typography-calculated\" style=\"font-family:var(--awb-custom_typography_5-font-family);font-weight:var(--awb-custom_typography_5-font-weight);font-style:var(--awb-custom_typography_5-font-style);margin:0;font-size:1em;letter-spacing:var(--awb-custom_typography_5-letter-spacing);text-transform:var(--awb-custom_typography_5-text-transform);--fontSize:22;--minFontSize:22;line-height:var(--awb-custom_typography_5-line-height);\">Immersione linguistica<\/h1><\/div><div class=\"fusion-title title fusion-title-2 fusion-sep-none fusion-title-center fusion-title-text fusion-title-size-paragraph\" style=\"--awb-text-color:var(--awb-color8);--awb-margin-bottom:20px;--awb-margin-bottom-small:20px;--awb-sep-color:var(--awb-color3);--awb-font-size:var(--awb-custom_typography_1-font-size);\"><p class=\"fusion-title-heading title-heading-center title-heading-tag fusion-responsive-typography-calculated\" style=\"font-family:var(--awb-custom_typography_1-font-family);font-weight:var(--awb-custom_typography_1-font-weight);font-style:var(--awb-custom_typography_1-font-style);margin:0;font-size:1em;letter-spacing:var(--awb-custom_typography_1-letter-spacing);text-transform:var(--awb-custom_typography_1-text-transform);--fontSize:48;line-height:var(--awb-custom_typography_1-line-height);\">L&#8217;immersione, il modo ideale per imparare una lingua<\/p><\/div><div class=\"fusion-text fusion-text-1 sm-text-align-left fusion-text-no-margin\" style=\"--awb-content-alignment:center;\"><p>L&#8217;apprendimento in immersione \u00e8 un metodo eccellente per imparare una lingua nel modo pi\u00f9 autentico e naturale possibile. Riproduce i modelli di apprendimento infantile della lingua madre. Il processo \u00e8 naturale e consiste principalmente nell&#8217;ascoltare, assorbire e parlare. Gli studenti fanno quindi progressi senza rendersene conto e senza sentire che si stanno impegnando.<\/p>\n<p>Costretti a comunicare per tutto il giorno, gli studenti avranno tutto il tempo di commettere errori, correggerli e acquisire gradualmente fiducia. L&#8217;immersione linguistica non \u00e8 solo una forma di formazione; un soggiorno linguistico \u00e8 anche una vacanza.<\/p>\n<p>Questo tipo di viaggio vi permetter\u00e0 anche di immergervi nella cultura del Paese. incontrare nuove persone e scambiare idee. Potrete studiare in un&#8217;atmosfera assolutamente rilassata e amichevole.<\/p>\n<p>Ecco perch\u00e9 una vacanza immersiva, anche se di poche settimane, \u00e8 il modo ideale per imparare una lingua.<\/p>\n<\/div><\/div><\/div><\/div><\/div>\n","protected":false},"excerpt":{"rendered":"","protected":false},"author":1,"featured_media":0,"parent":0,"menu_order":0,"comment_status":"closed","ping_status":"closed","template":"100-width.php","meta":{"_glsr_average":0,"_glsr_ranking":0,"_glsr_reviews":0,"footnotes":""},"class_list":["post-1931","page","type-page","status-publish","hentry"],"_links":{"self":[{"href":"https:\/\/frenchteacherhomestay.fr\/it\/wp-json\/wp\/v2\/pages\/1931","targetHints":{"allow":["GET"]}}],"collection":[{"href":"https:\/\/frenchteacherhomestay.fr\/it\/wp-json\/wp\/v2\/pages"}],"about":[{"href":"https:\/\/frenchteacherhomestay.fr\/it\/wp-json\/wp\/v2\/types\/page"}],"author":[{"embeddable":true,"href":"https:\/\/frenchteacherhomestay.fr\/it\/wp-json\/wp\/v2\/users\/1"}],"replies":[{"embeddable":true,"href":"https:\/\/frenchteacherhomestay.fr\/it\/wp-json\/wp\/v2\/comments?post=1931"}],"version-history":[{"count":18,"href":"https:\/\/frenchteacherhomestay.fr\/it\/wp-json\/wp\/v2\/pages\/1931\/revisions"}],"predecessor-version":[{"id":4313,"href":"https:\/\/frenchteacherhomestay.fr\/it\/wp-json\/wp\/v2\/pages\/1931\/revisions\/4313"}],"wp:attachment":[{"href":"https:\/\/frenchteacherhomestay.fr\/it\/wp-json\/wp\/v2\/media?parent=1931"}],"curies":[{"name":"wp","href":"https:\/\/api.w.org\/{rel}","templated":true}]}}