{"id":5655,"date":"2026-04-25T16:56:58","date_gmt":"2026-04-25T14:56:58","guid":{"rendered":"https:\/\/frenchteacherhomestay.fr\/sillas-y-sillones-voltaitre-cursos-de-renovacion-y-venta\/"},"modified":"2026-04-25T18:20:16","modified_gmt":"2026-04-25T16:20:16","slug":"sillas-y-sillones-voltaitre-cursos-de-renovacion-y-venta","status":"publish","type":"page","link":"https:\/\/frenchteacherhomestay.fr\/es\/sillas-y-sillones-voltaitre-cursos-de-renovacion-y-venta\/","title":{"rendered":"Sillas y sillones Voltaitre &#8211; Cursos de renovaci\u00f3n y venta"},"content":{"rendered":"<div class=\"fusion-fullwidth fullwidth-box fusion-builder-row-1 fusion-flex-container nonhundred-percent-fullwidth non-hundred-percent-height-scrolling\" style=\"--awb-border-radius-top-left:0px;--awb-border-radius-top-right:0px;--awb-border-radius-bottom-right:0px;--awb-border-radius-bottom-left:0px;--awb-flex-wrap:wrap;\" ><div class=\"fusion-builder-row fusion-row fusion-flex-align-items-flex-start fusion-flex-content-wrap\" style=\"max-width:1248px;margin-left: calc(-4% \/ 2 );margin-right: calc(-4% \/ 2 );\"><div class=\"fusion-layout-column fusion_builder_column fusion-builder-column-0 fusion_builder_column_1_1 1_1 fusion-flex-column\" style=\"--awb-bg-blend:overlay;--awb-bg-size:cover;--awb-width-large:100%;--awb-margin-top-large:0px;--awb-spacing-right-large:1.92%;--awb-margin-bottom-large:0px;--awb-spacing-left-large:1.92%;--awb-width-medium:100%;--awb-spacing-right-medium:1.92%;--awb-spacing-left-medium:1.92%;--awb-width-small:100%;--awb-spacing-right-small:1.92%;--awb-spacing-left-small:1.92%;\"><div class=\"fusion-column-wrapper fusion-flex-justify-content-flex-start fusion-content-layout-column\"><div class=\"fusion-text fusion-text-1\"><h1 class=\"fusion-responsive-typography-calculated\" style=\"--fontsize: 48; line-height: 1.1;\" data-fontsize=\"48\" data-lineheight=\"52.8px\">Sillas y sillones Voltaire &#8211; Cursos de renovaci\u00f3n y venta<\/h1>\n<p>En Domaine des Sources, nos encanta la decoraci\u00f3n casera. C\u00e9line pone a la venta sus sillas y sillones, o mejor a\u00fan, un curso de restauraci\u00f3n en el que puedes llevarte tu propia creaci\u00f3n.<\/p>\n<p>No dudes en ponerte en contacto con nosotros para saber m\u00e1s.<\/p>\n<\/div><div class=\"awb-gallery-wrapper awb-gallery-wrapper-1 button-span-no\" style=\"--more-btn-alignment:center;\"><div style=\"margin:-5px;--awb-bordersize:0px;\" class=\"fusion-gallery fusion-gallery-container fusion-grid-3 fusion-columns-total-6 fusion-gallery-layout-grid fusion-gallery-1\"><div style=\"padding:5px;\" class=\"fusion-grid-column fusion-gallery-column fusion-gallery-column-3 hover-type-none\"><div class=\"fusion-gallery-image\"><a href=\"https:\/\/frenchteacherhomestay.fr\/wp-content\/uploads\/2026\/04\/chapelier-1.png\" rel=\"noreferrer\" data-rel=\"iLightbox[gallery_image_1]\" class=\"fusion-lightbox\" target=\"_self\"><img decoding=\"async\" src=\"https:\/\/frenchteacherhomestay.fr\/wp-content\/uploads\/2026\/04\/chapelier-1.png\" data-orig-src=\"https:\/\/frenchteacherhomestay.fr\/wp-content\/uploads\/2026\/04\/chapelier-1.png\" width=\"1043\" height=\"1508\" alt=\"\" title=\"chapelier\" aria-label=\"chapelier\" class=\"lazyload img-responsive wp-image-5720\" srcset=\"data:image\/svg+xml,%3Csvg%20xmlns%3D%27http%3A%2F%2Fwww.w3.org%2F2000%2Fsvg%27%20width%3D%271043%27%20height%3D%271508%27%20viewBox%3D%270%200%201043%201508%27%3E%3Crect%20width%3D%271043%27%20height%3D%271508%27%20fill-opacity%3D%220%22%2F%3E%3C%2Fsvg%3E\" data-srcset=\"https:\/\/frenchteacherhomestay.fr\/wp-content\/uploads\/2026\/04\/chapelier-1-200x289.png 200w, https:\/\/frenchteacherhomestay.fr\/wp-content\/uploads\/2026\/04\/chapelier-1-400x578.png 400w, https:\/\/frenchteacherhomestay.fr\/wp-content\/uploads\/2026\/04\/chapelier-1-600x867.png 600w, https:\/\/frenchteacherhomestay.fr\/wp-content\/uploads\/2026\/04\/chapelier-1-800x1157.png 800w, https:\/\/frenchteacherhomestay.fr\/wp-content\/uploads\/2026\/04\/chapelier-1.png 1043w\" data-sizes=\"auto\" data-orig-sizes=\"(min-width: 2200px) 100vw, (min-width: 784px) 397px, (min-width: 712px) 595px, (min-width: 640px) 712px, \" \/><\/a><\/div><\/div><div style=\"padding:5px;\" class=\"fusion-grid-column fusion-gallery-column fusion-gallery-column-3 hover-type-none\"><div class=\"fusion-gallery-image\"><a href=\"https:\/\/frenchteacherhomestay.fr\/wp-content\/uploads\/2026\/04\/Fauteuil-Klimt-1.jpg\" rel=\"noreferrer\" data-rel=\"iLightbox[gallery_image_1]\" class=\"fusion-lightbox\" target=\"_self\"><img decoding=\"async\" src=\"https:\/\/frenchteacherhomestay.fr\/wp-content\/uploads\/2026\/04\/Fauteuil-Klimt-1.jpg\" data-orig-src=\"https:\/\/frenchteacherhomestay.fr\/wp-content\/uploads\/2026\/04\/Fauteuil-Klimt-1.jpg\" width=\"1254\" height=\"1254\" alt=\"\" title=\"Fauteuil Klimt\" aria-label=\"Fauteuil Klimt\" class=\"lazyload img-responsive wp-image-5788\" srcset=\"data:image\/svg+xml,%3Csvg%20xmlns%3D%27http%3A%2F%2Fwww.w3.org%2F2000%2Fsvg%27%20width%3D%271254%27%20height%3D%271254%27%20viewBox%3D%270%200%201254%201254%27%3E%3Crect%20width%3D%271254%27%20height%3D%271254%27%20fill-opacity%3D%220%22%2F%3E%3C%2Fsvg%3E\" data-srcset=\"https:\/\/frenchteacherhomestay.fr\/wp-content\/uploads\/2026\/04\/Fauteuil-Klimt-1-200x200.jpg 200w, https:\/\/frenchteacherhomestay.fr\/wp-content\/uploads\/2026\/04\/Fauteuil-Klimt-1-400x400.jpg 400w, https:\/\/frenchteacherhomestay.fr\/wp-content\/uploads\/2026\/04\/Fauteuil-Klimt-1-600x600.jpg 600w, https:\/\/frenchteacherhomestay.fr\/wp-content\/uploads\/2026\/04\/Fauteuil-Klimt-1-800x800.jpg 800w, https:\/\/frenchteacherhomestay.fr\/wp-content\/uploads\/2026\/04\/Fauteuil-Klimt-1-1200x1200.jpg 1200w, https:\/\/frenchteacherhomestay.fr\/wp-content\/uploads\/2026\/04\/Fauteuil-Klimt-1.jpg 1254w\" data-sizes=\"auto\" data-orig-sizes=\"(min-width: 2200px) 100vw, (min-width: 784px) 397px, (min-width: 712px) 595px, (min-width: 640px) 712px, \" \/><\/a><\/div><\/div><div style=\"padding:5px;\" class=\"fusion-grid-column fusion-gallery-column fusion-gallery-column-3 hover-type-none\"><div class=\"fusion-gallery-image\"><a href=\"https:\/\/frenchteacherhomestay.fr\/wp-content\/uploads\/2026\/04\/Fauteuil-Coquelicots-1.jpg\" rel=\"noreferrer\" data-rel=\"iLightbox[gallery_image_1]\" class=\"fusion-lightbox\" target=\"_self\"><img decoding=\"async\" src=\"https:\/\/frenchteacherhomestay.fr\/wp-content\/uploads\/2026\/04\/Fauteuil-Coquelicots-1.jpg\" data-orig-src=\"https:\/\/frenchteacherhomestay.fr\/wp-content\/uploads\/2026\/04\/Fauteuil-Coquelicots-1.jpg\" width=\"1254\" height=\"1254\" alt=\"\" title=\"Fauteuil Coquelicots\" aria-label=\"Fauteuil Coquelicots\" class=\"lazyload img-responsive wp-image-5783\" srcset=\"data:image\/svg+xml,%3Csvg%20xmlns%3D%27http%3A%2F%2Fwww.w3.org%2F2000%2Fsvg%27%20width%3D%271254%27%20height%3D%271254%27%20viewBox%3D%270%200%201254%201254%27%3E%3Crect%20width%3D%271254%27%20height%3D%271254%27%20fill-opacity%3D%220%22%2F%3E%3C%2Fsvg%3E\" data-srcset=\"https:\/\/frenchteacherhomestay.fr\/wp-content\/uploads\/2026\/04\/Fauteuil-Coquelicots-1-200x200.jpg 200w, https:\/\/frenchteacherhomestay.fr\/wp-content\/uploads\/2026\/04\/Fauteuil-Coquelicots-1-400x400.jpg 400w, https:\/\/frenchteacherhomestay.fr\/wp-content\/uploads\/2026\/04\/Fauteuil-Coquelicots-1-600x600.jpg 600w, https:\/\/frenchteacherhomestay.fr\/wp-content\/uploads\/2026\/04\/Fauteuil-Coquelicots-1-800x800.jpg 800w, https:\/\/frenchteacherhomestay.fr\/wp-content\/uploads\/2026\/04\/Fauteuil-Coquelicots-1-1200x1200.jpg 1200w, https:\/\/frenchteacherhomestay.fr\/wp-content\/uploads\/2026\/04\/Fauteuil-Coquelicots-1.jpg 1254w\" data-sizes=\"auto\" data-orig-sizes=\"(min-width: 2200px) 100vw, (min-width: 784px) 397px, (min-width: 712px) 595px, (min-width: 640px) 712px, \" \/><\/a><\/div><\/div><div class=\"clearfix\"><\/div><div style=\"padding:5px;\" class=\"fusion-grid-column fusion-gallery-column fusion-gallery-column-3 hover-type-none\"><div class=\"fusion-gallery-image\"><a href=\"https:\/\/frenchteacherhomestay.fr\/wp-content\/uploads\/2026\/04\/girafe-1.png\" rel=\"noreferrer\" data-rel=\"iLightbox[gallery_image_1]\" class=\"fusion-lightbox\" target=\"_self\"><img decoding=\"async\" src=\"https:\/\/frenchteacherhomestay.fr\/wp-content\/uploads\/2026\/04\/girafe-1.png\" data-orig-src=\"https:\/\/frenchteacherhomestay.fr\/wp-content\/uploads\/2026\/04\/girafe-1.png\" width=\"977\" height=\"1610\" alt=\"\" title=\"girafe\" aria-label=\"girafe\" class=\"lazyload img-responsive wp-image-5745\" srcset=\"data:image\/svg+xml,%3Csvg%20xmlns%3D%27http%3A%2F%2Fwww.w3.org%2F2000%2Fsvg%27%20width%3D%27977%27%20height%3D%271610%27%20viewBox%3D%270%200%20977%201610%27%3E%3Crect%20width%3D%27977%27%20height%3D%271610%27%20fill-opacity%3D%220%22%2F%3E%3C%2Fsvg%3E\" data-srcset=\"https:\/\/frenchteacherhomestay.fr\/wp-content\/uploads\/2026\/04\/girafe-1-200x330.png 200w, https:\/\/frenchteacherhomestay.fr\/wp-content\/uploads\/2026\/04\/girafe-1-400x659.png 400w, https:\/\/frenchteacherhomestay.fr\/wp-content\/uploads\/2026\/04\/girafe-1-600x989.png 600w, https:\/\/frenchteacherhomestay.fr\/wp-content\/uploads\/2026\/04\/girafe-1-800x1318.png 800w, https:\/\/frenchteacherhomestay.fr\/wp-content\/uploads\/2026\/04\/girafe-1.png 977w\" data-sizes=\"auto\" data-orig-sizes=\"(min-width: 2200px) 100vw, (min-width: 784px) 397px, (min-width: 712px) 595px, (min-width: 640px) 712px, \" \/><\/a><\/div><\/div><div style=\"padding:5px;\" class=\"fusion-grid-column fusion-gallery-column fusion-gallery-column-3 hover-type-none\"><div class=\"fusion-gallery-image\"><a href=\"https:\/\/frenchteacherhomestay.fr\/wp-content\/uploads\/2026\/04\/chien-2.png\" rel=\"noreferrer\" data-rel=\"iLightbox[gallery_image_1]\" class=\"fusion-lightbox\" target=\"_self\"><img decoding=\"async\" src=\"https:\/\/frenchteacherhomestay.fr\/wp-content\/uploads\/2026\/04\/chien-2.png\" data-orig-src=\"https:\/\/frenchteacherhomestay.fr\/wp-content\/uploads\/2026\/04\/chien-2.png\" width=\"1001\" height=\"1572\" alt=\"\" title=\"chien\" aria-label=\"chien\" class=\"lazyload img-responsive wp-image-5778\" srcset=\"data:image\/svg+xml,%3Csvg%20xmlns%3D%27http%3A%2F%2Fwww.w3.org%2F2000%2Fsvg%27%20width%3D%271001%27%20height%3D%271572%27%20viewBox%3D%270%200%201001%201572%27%3E%3Crect%20width%3D%271001%27%20height%3D%271572%27%20fill-opacity%3D%220%22%2F%3E%3C%2Fsvg%3E\" data-srcset=\"https:\/\/frenchteacherhomestay.fr\/wp-content\/uploads\/2026\/04\/chien-2-200x314.png 200w, https:\/\/frenchteacherhomestay.fr\/wp-content\/uploads\/2026\/04\/chien-2-400x628.png 400w, https:\/\/frenchteacherhomestay.fr\/wp-content\/uploads\/2026\/04\/chien-2-600x942.png 600w, https:\/\/frenchteacherhomestay.fr\/wp-content\/uploads\/2026\/04\/chien-2-800x1256.png 800w, https:\/\/frenchteacherhomestay.fr\/wp-content\/uploads\/2026\/04\/chien-2.png 1001w\" data-sizes=\"auto\" data-orig-sizes=\"(min-width: 2200px) 100vw, (min-width: 784px) 397px, (min-width: 712px) 595px, (min-width: 640px) 712px, \" \/><\/a><\/div><\/div><div style=\"padding:5px;\" class=\"fusion-grid-column fusion-gallery-column fusion-gallery-column-3 hover-type-none\"><div class=\"fusion-gallery-image\"><a href=\"https:\/\/frenchteacherhomestay.fr\/wp-content\/uploads\/2026\/04\/chat-2.png\" rel=\"noreferrer\" data-rel=\"iLightbox[gallery_image_1]\" class=\"fusion-lightbox\" target=\"_self\"><img decoding=\"async\" src=\"https:\/\/frenchteacherhomestay.fr\/wp-content\/uploads\/2026\/04\/chat-2.png\" data-orig-src=\"https:\/\/frenchteacherhomestay.fr\/wp-content\/uploads\/2026\/04\/chat-2.png\" width=\"942\" height=\"1670\" alt=\"\" title=\"chat\" aria-label=\"chat\" class=\"lazyload img-responsive wp-image-5773\" srcset=\"data:image\/svg+xml,%3Csvg%20xmlns%3D%27http%3A%2F%2Fwww.w3.org%2F2000%2Fsvg%27%20width%3D%27942%27%20height%3D%271670%27%20viewBox%3D%270%200%20942%201670%27%3E%3Crect%20width%3D%27942%27%20height%3D%271670%27%20fill-opacity%3D%220%22%2F%3E%3C%2Fsvg%3E\" data-srcset=\"https:\/\/frenchteacherhomestay.fr\/wp-content\/uploads\/2026\/04\/chat-2-200x355.png 200w, https:\/\/frenchteacherhomestay.fr\/wp-content\/uploads\/2026\/04\/chat-2-400x709.png 400w, https:\/\/frenchteacherhomestay.fr\/wp-content\/uploads\/2026\/04\/chat-2-600x1064.png 600w, https:\/\/frenchteacherhomestay.fr\/wp-content\/uploads\/2026\/04\/chat-2-800x1418.png 800w, https:\/\/frenchteacherhomestay.fr\/wp-content\/uploads\/2026\/04\/chat-2.png 942w\" data-sizes=\"auto\" data-orig-sizes=\"(min-width: 2200px) 100vw, (min-width: 784px) 397px, (min-width: 712px) 595px, (min-width: 640px) 712px, \" \/><\/a><\/div><\/div><div class=\"clearfix\"><\/div><\/div><\/div><\/div><\/div><\/div><\/div>\n","protected":false},"excerpt":{"rendered":"","protected":false},"author":2,"featured_media":5634,"parent":0,"menu_order":0,"comment_status":"closed","ping_status":"closed","template":"","meta":{"_glsr_average":0,"_glsr_ranking":0,"_glsr_reviews":0,"footnotes":""},"class_list":["post-5655","page","type-page","status-publish","has-post-thumbnail","hentry"],"_links":{"self":[{"href":"https:\/\/frenchteacherhomestay.fr\/es\/wp-json\/wp\/v2\/pages\/5655","targetHints":{"allow":["GET"]}}],"collection":[{"href":"https:\/\/frenchteacherhomestay.fr\/es\/wp-json\/wp\/v2\/pages"}],"about":[{"href":"https:\/\/frenchteacherhomestay.fr\/es\/wp-json\/wp\/v2\/types\/page"}],"author":[{"embeddable":true,"href":"https:\/\/frenchteacherhomestay.fr\/es\/wp-json\/wp\/v2\/users\/2"}],"replies":[{"embeddable":true,"href":"https:\/\/frenchteacherhomestay.fr\/es\/wp-json\/wp\/v2\/comments?post=5655"}],"version-history":[{"count":22,"href":"https:\/\/frenchteacherhomestay.fr\/es\/wp-json\/wp\/v2\/pages\/5655\/revisions"}],"predecessor-version":[{"id":5812,"href":"https:\/\/frenchteacherhomestay.fr\/es\/wp-json\/wp\/v2\/pages\/5655\/revisions\/5812"}],"wp:featuredmedia":[{"embeddable":true,"href":"https:\/\/frenchteacherhomestay.fr\/es\/wp-json\/wp\/v2\/media\/5634"}],"wp:attachment":[{"href":"https:\/\/frenchteacherhomestay.fr\/es\/wp-json\/wp\/v2\/media?parent=5655"}],"curies":[{"name":"wp","href":"https:\/\/api.w.org\/{rel}","templated":true}]}}