{"id":4064,"date":"2024-01-11T16:25:20","date_gmt":"2024-01-11T15:25:20","guid":{"rendered":"https:\/\/frenchteacherhomestay.fr\/condiciones-generales-de-venta\/"},"modified":"2024-01-11T16:25:20","modified_gmt":"2024-01-11T15:25:20","slug":"condiciones-generales-de-venta","status":"publish","type":"page","link":"https:\/\/frenchteacherhomestay.fr\/es\/condiciones-generales-de-venta\/","title":{"rendered":"Condiciones generales de venta"},"content":{"rendered":"<p><b>CONDICIONES GENERALES DE VENTA<\/b><\/p>\n<p>Art\u00edculo 1 &#8211; \u00c1mbito de aplicaci\u00f3n<\/p>\n<p>Las presentes condiciones de venta se concluyen entre French Teacher Homestay, sociedad en proceso de constituci\u00f3n, estructura organizadora de estancias ling\u00fc\u00edsticas de inmersi\u00f3n y toda persona f\u00edsica o jur\u00eddica, particular o profesional que desee contratar un servicio propuesto por French Teacher Homestay, accesible en el sitio web frenchteacherhomestay.fr.<\/p>\n<p>Art\u00edculo 2- Objeto<\/p>\n<p>Las condiciones generales de venta definen y rigen las condiciones de venta de las estancias ling\u00fc\u00edsticas contratadas con French Teacher Homestay, con exclusi\u00f3n de cualquier otra condici\u00f3n.<\/p>\n<p>Art\u00edculo 3 &#8211; Precios de los cursos de idiomas de inmersi\u00f3n y de los servicios que incluyen<\/p>\n<p>El precio de las vacaciones se fija en el sitio web en funci\u00f3n de las opciones elegidas.<\/p>\n<p>Art\u00edculo 4 &#8211; Inscripci\u00f3n y reserva<\/p>\n<p>La inscripci\u00f3n del cliente a las estancias propuestas por French Teacher Homestay ser\u00e1 efectiva despu\u00e9s del pedido por el cliente en el sitio frenchteacherhomestay.fr. Los participantes menores de edad deber\u00e1n adjuntar por correo electr\u00f3nico una autorizaci\u00f3n firmada por ambos padres, as\u00ed como una copia de su seguro m\u00e9dico durante su estancia en Francia.<\/p>\n<p>Art\u00edculo 4.1 Pago de reserva y pago completo<\/p>\n<p>Se pedir\u00e1 al cliente que realice un pago de reserva del 30% del coste total de la estancia en el momento de realizar el pedido. Este anticipo s\u00f3lo puede abonarse a trav\u00e9s del sitio web (pago seguro). El 70% restante se abonar\u00e1 a French Teacher Homestay al comienzo de la estancia. French Teacher Homestay se reserva el derecho de cancelar la estancia si no se efect\u00faa el pago del 70% en las 24 horas siguientes a la llegada del participante.<\/p>\n<p>Art\u00edculo 5 &#8211; Anulaci\u00f3n, aplazamiento y reembolso<\/p>\n<p>Si el cliente cancela o aplaza la estancia menos de 30 d\u00edas antes del inicio de los servicios acordados, no se reembolsar\u00e1 el 30% del pago de la reserva, salvo en casos de fuerza mayor. Si el participante cancela antes del plazo de 30 d\u00edas, se le reembolsar\u00e1 \u00edntegramente el anticipo. Si el aplazamiento se solicita antes de este plazo de 30 d\u00edas, el 30% podr\u00e1 ser retenido por French Teacher Homestay con vistas a reservar otras fechas para su estancia.<\/p>\n<p>Si tiene que acortar su estancia por razones ajenas a su voluntad, French Teacher Homestay se compromete a reembols\u00e1rsela proporcionalmente.<\/p>\n<p>French Teacher Homestay.fr se reserva el derecho de cancelar o acortar la estancia en caso de fuerza mayor y sin demora. Si la estancia no ha comenzado, el reembolso ser\u00e1 total. En caso de cancelaci\u00f3n durante la estancia, se reembolsar\u00e1 al participante el prorrateo de la estancia utilizada.<\/p>\n<p><u>Fuerza mayor :<\/u><\/p>\n<p>Enfermedad grave<\/p>\n<p>Accidente<\/p>\n<p>Hospitalizaci\u00f3n<\/p>\n<p>Cat\u00e1strofes naturales<\/p>\n<p>Fallecimiento de un familiar<\/p>\n<p>6. Seguros<\/p>\n<p>Nuestros participantes se comprometen a suscribir una p\u00f3liza de seguro que cubra las anulaciones, los accidentes, las enfermedades, las lesiones, la p\u00e9rdida o el robo de efectos personales, as\u00ed como los accidentes que afecten a terceros. Le recomendamos encarecidamente que contrate un seguro de responsabilidad civil. En ning\u00fan caso French Teacher Homestay aceptar\u00e1 responsabilidad alguna por accidentes o da\u00f1os causados a terceros o a la propiedad durante la estancia.<\/p>\n","protected":false},"excerpt":{"rendered":"<p>CONDICIONES GENERALES DE VENTA Art\u00edculo 1 &#8211; \u00c1mbito de aplicaci\u00f3n [&hellip;]<\/p>\n","protected":false},"author":2,"featured_media":0,"parent":0,"menu_order":0,"comment_status":"closed","ping_status":"closed","template":"","meta":{"_glsr_average":0,"_glsr_ranking":0,"_glsr_reviews":0,"footnotes":""},"class_list":["post-4064","page","type-page","status-publish","hentry"],"_links":{"self":[{"href":"https:\/\/frenchteacherhomestay.fr\/es\/wp-json\/wp\/v2\/pages\/4064","targetHints":{"allow":["GET"]}}],"collection":[{"href":"https:\/\/frenchteacherhomestay.fr\/es\/wp-json\/wp\/v2\/pages"}],"about":[{"href":"https:\/\/frenchteacherhomestay.fr\/es\/wp-json\/wp\/v2\/types\/page"}],"author":[{"embeddable":true,"href":"https:\/\/frenchteacherhomestay.fr\/es\/wp-json\/wp\/v2\/users\/2"}],"replies":[{"embeddable":true,"href":"https:\/\/frenchteacherhomestay.fr\/es\/wp-json\/wp\/v2\/comments?post=4064"}],"version-history":[{"count":0,"href":"https:\/\/frenchteacherhomestay.fr\/es\/wp-json\/wp\/v2\/pages\/4064\/revisions"}],"wp:attachment":[{"href":"https:\/\/frenchteacherhomestay.fr\/es\/wp-json\/wp\/v2\/media?parent=4064"}],"curies":[{"name":"wp","href":"https:\/\/api.w.org\/{rel}","templated":true}]}}