{"id":2721,"date":"2023-11-30T21:04:24","date_gmt":"2023-11-30T20:04:24","guid":{"rendered":"https:\/\/frenchteacherhomestay.fr\/ensenanza\/"},"modified":"2024-02-17T21:09:23","modified_gmt":"2024-02-17T20:09:23","slug":"ensenanza","status":"publish","type":"page","link":"https:\/\/frenchteacherhomestay.fr\/es\/ensenanza\/","title":{"rendered":"Ense\u00f1anza"},"content":{"rendered":"<div class=\"fusion-fullwidth fullwidth-box fusion-builder-row-1 fusion-flex-container has-pattern-background has-mask-background nonhundred-percent-fullwidth non-hundred-percent-height-scrolling\" style=\"--awb-border-radius-top-left:0px;--awb-border-radius-top-right:0px;--awb-border-radius-bottom-right:0px;--awb-border-radius-bottom-left:0px;--awb-padding-top:50px;--awb-padding-bottom:50px;--awb-background-color:var(--awb-custom_color_4);--awb-flex-wrap:wrap;\" ><div class=\"fusion-builder-row fusion-row fusion-flex-align-items-flex-start fusion-flex-content-wrap\" style=\"max-width:1248px;margin-left: calc(-4% \/ 2 );margin-right: calc(-4% \/ 2 );\"><div class=\"fusion-layout-column fusion_builder_column fusion-builder-column-0 fusion_builder_column_1_1 1_1 fusion-flex-column\" style=\"--awb-bg-size:cover;--awb-width-large:100%;--awb-margin-top-large:0px;--awb-spacing-right-large:1.92%;--awb-margin-bottom-large:0px;--awb-spacing-left-large:1.92%;--awb-width-medium:100%;--awb-order-medium:0;--awb-spacing-right-medium:1.92%;--awb-spacing-left-medium:1.92%;--awb-width-small:100%;--awb-order-small:0;--awb-spacing-right-small:1.92%;--awb-spacing-left-small:1.92%;\"><div class=\"fusion-column-wrapper fusion-column-has-shadow fusion-flex-justify-content-flex-start fusion-content-layout-column\"><div class=\"fusion-text fusion-text-1\" style=\"--awb-text-color:var(--awb-color7);\"><p><strong>Con 30 a\u00f1os de experiencia en la ense\u00f1anza del franc\u00e9s, <span style=\"color: var(--awb-text-color); font-family: var(--awb-text-font-family); font-size: var(--awb-font-size); font-style: var(--awb-text-font-style); letter-spacing: var(--awb-letter-spacing); text-align: var(--awb-content-alignment); text-transform: var(--awb-text-transform); background-color: var(--awb-bg-color);\">adaptar\u00e9 las clases a su nivel, su ritmo y sus objetivos personales y profesionales, y me asegurar\u00e9 de que estudie en un ambiente relajado y agradable<\/span>.<\/strong><\/p>\n<p><strong><span style=\"color: var(--awb-text-color); font-family: var(--awb-text-font-family); font-size: var(--awb-font-size); font-style: var(--awb-text-font-style); letter-spacing: var(--awb-letter-spacing); text-align: var(--awb-content-alignment); text-transform: var(--awb-text-transform); background-color: var(--awb-bg-color);\">  Sea cual sea la f\u00f3rmula que elija, los cursos combinar\u00e1n la comprensi\u00f3n y la expresi\u00f3n escritas y orales. Se impartir\u00e1n individualmente o en peque\u00f1os grupos si hay varios alumnos del mismo nivel, pero no superar\u00e1n las dos horas seguidas para que puedas asimilarlas mejor.  <\/span><\/strong><\/p>\n<p><strong>Gracias a los momentos compartidos durante las comidas o las actividades, seguir\u00e1s progresando sin darte cuenta.<\/strong><\/p>\n<\/div><\/div><\/div><\/div><\/div>\n","protected":false},"excerpt":{"rendered":"","protected":false},"author":2,"featured_media":0,"parent":0,"menu_order":0,"comment_status":"closed","ping_status":"closed","template":"100-width.php","meta":{"_glsr_average":0,"_glsr_ranking":0,"_glsr_reviews":0,"footnotes":""},"class_list":["post-2721","page","type-page","status-publish","hentry"],"_links":{"self":[{"href":"https:\/\/frenchteacherhomestay.fr\/es\/wp-json\/wp\/v2\/pages\/2721","targetHints":{"allow":["GET"]}}],"collection":[{"href":"https:\/\/frenchteacherhomestay.fr\/es\/wp-json\/wp\/v2\/pages"}],"about":[{"href":"https:\/\/frenchteacherhomestay.fr\/es\/wp-json\/wp\/v2\/types\/page"}],"author":[{"embeddable":true,"href":"https:\/\/frenchteacherhomestay.fr\/es\/wp-json\/wp\/v2\/users\/2"}],"replies":[{"embeddable":true,"href":"https:\/\/frenchteacherhomestay.fr\/es\/wp-json\/wp\/v2\/comments?post=2721"}],"version-history":[{"count":12,"href":"https:\/\/frenchteacherhomestay.fr\/es\/wp-json\/wp\/v2\/pages\/2721\/revisions"}],"predecessor-version":[{"id":4331,"href":"https:\/\/frenchteacherhomestay.fr\/es\/wp-json\/wp\/v2\/pages\/2721\/revisions\/4331"}],"wp:attachment":[{"href":"https:\/\/frenchteacherhomestay.fr\/es\/wp-json\/wp\/v2\/media?parent=2721"}],"curies":[{"name":"wp","href":"https:\/\/api.w.org\/{rel}","templated":true}]}}