{"id":2057,"date":"2023-12-21T20:57:38","date_gmt":"2023-12-21T19:57:38","guid":{"rendered":"https:\/\/frenchteacherhomestay.fr\/vacaciones-de-aprendizaje-cursos-de-repaso-en-frances\/"},"modified":"2024-01-16T17:09:52","modified_gmt":"2024-01-16T16:09:52","slug":"vacaciones-de-aprendizaje-cursos-de-repaso-en-frances","status":"publish","type":"page","link":"https:\/\/frenchteacherhomestay.fr\/es\/vacaciones-de-aprendizaje-cursos-de-repaso-en-frances\/","title":{"rendered":"Vacaciones de aprendizaje: cursos de repaso en franc\u00e9s"},"content":{"rendered":"<div class=\"fusion-fullwidth fullwidth-box fusion-builder-row-1 fusion-flex-container nonhundred-percent-fullwidth non-hundred-percent-height-scrolling\" style=\"--awb-border-radius-top-left:0px;--awb-border-radius-top-right:0px;--awb-border-radius-bottom-right:0px;--awb-border-radius-bottom-left:0px;--awb-padding-right-small:0px;--awb-padding-left-small:0px;--awb-flex-wrap:wrap;\" ><div class=\"fusion-builder-row fusion-row fusion-flex-align-items-flex-start fusion-flex-content-wrap\" style=\"max-width:1248px;margin-left: calc(-4% \/ 2 );margin-right: calc(-4% \/ 2 );\"><div class=\"fusion-layout-column fusion_builder_column fusion-builder-column-0 fusion_builder_column_1_1 1_1 fusion-flex-column\" style=\"--awb-bg-color:var(--awb-custom_color_4);--awb-bg-color-hover:var(--awb-custom_color_4);--awb-bg-size:cover;--awb-width-large:100%;--awb-margin-top-large:0px;--awb-spacing-right-large:1.92%;--awb-margin-bottom-large:0px;--awb-spacing-left-large:1.92%;--awb-width-medium:100%;--awb-spacing-right-medium:1.92%;--awb-spacing-left-medium:1.92%;--awb-width-small:100%;--awb-spacing-right-small:1.92%;--awb-spacing-left-small:1.92%;\"><div class=\"fusion-column-wrapper fusion-flex-justify-content-flex-start fusion-content-layout-column\"><i class=\"fb-icon-element-1 fb-icon-element fontawesome-icon bb-flower-2 circle-yes\" style=\"--awb-iconcolor:#000000;--awb-iconcolor-hover:#000000;--awb-circlecolor:var(--awb-custom_color_4);--awb-circlecolor-hover:var(--awb-custom_color_4);--awb-circlebordercolor:var(--awb-custom_color_4);--awb-circlebordercolor-hover:var(--awb-custom_color_4);--awb-circlebordersize:1px;--awb-font-size:70px;--awb-width:70px;--awb-height:70px;--awb-line-height:68px;--awb-margin-top:0;--awb-margin-right:0;--awb-margin-bottom:0;--awb-margin-left:0;--awb-align-self:center;\"><\/i><div class=\"fusion-title title fusion-title-1 fusion-sep-none fusion-title-center fusion-title-text fusion-title-size-one\" style=\"--awb-margin-top-small:-25px;\"><h1 class=\"fusion-title-heading title-heading-center fusion-responsive-typography-calculated\" style=\"margin:0;--fontSize:48;line-height:var(--awb-custom_typography_1-line-height);\"><p>Vacaciones de aprendizaje<\/p>\n<p>Curso de perfeccionamiento de franc\u00e9s<\/p><\/h1><\/div><div class=\"fusion-text fusion-text-1\"><p>Las dificultades ortogr\u00e1ficas son un obst\u00e1culo para la integraci\u00f3n y la promoci\u00f3n profesional y social. En todas las etapas de la vida,<strong>los errores ortogr\u00e1ficos, gramaticales y de conjugaci\u00f3n pueden cerrar puertas <\/strong>.  <\/p>\n<p>Estas deficiencias pueden <strong>repercutir negativamente en la reputaci\u00f3n de la empresa<\/strong> y en la imagen que proyecta a sus clientes y socios.<\/p>\n<p>Es m\u00e1s, un <strong>gran n\u00famero de empresarios no est\u00e1n dispuestos a contratar o promocionar a empleados que se expresan mal por escrito u oralmente<\/strong>. En otras palabras, cometer errores es correr el riesgo de estancarse profesionalmente.<\/p>\n<p>Seg\u00fan una encuesta de Ipsos realizada para el Proyecto Voltaire en octubre de 2021, el 92% de los responsables de la toma de decisiones creen que las deficiencias ortogr\u00e1ficas o de expresi\u00f3n da\u00f1an la reputaci\u00f3n y la imagen de su empresa. El 65% piensa que los resultados financieros se ven afectados si los correos electr\u00f3nicos y las comunicaciones contienen demasiados errores en franc\u00e9s.<\/p>\n<p>Con las vacaciones de aprendizaje que ofrece el Domaine des Sources, podr\u00e1 combinar negocios con placer: ni\u00f1os, adolescentes o adultos, aproveche los diversos recursos de la casa y del parque para <strong>disfrutar de una estancia inolvidable mientras repasa sus<\/strong> habilidades <strong>escritas y orales<\/strong>.<\/p>\n<\/div><\/div><\/div><\/div><\/div>\n","protected":false},"excerpt":{"rendered":"","protected":false},"author":2,"featured_media":0,"parent":0,"menu_order":0,"comment_status":"closed","ping_status":"closed","template":"100-width.php","meta":{"_glsr_average":0,"_glsr_ranking":0,"_glsr_reviews":0,"footnotes":""},"class_list":["post-2057","page","type-page","status-publish","hentry"],"_links":{"self":[{"href":"https:\/\/frenchteacherhomestay.fr\/es\/wp-json\/wp\/v2\/pages\/2057","targetHints":{"allow":["GET"]}}],"collection":[{"href":"https:\/\/frenchteacherhomestay.fr\/es\/wp-json\/wp\/v2\/pages"}],"about":[{"href":"https:\/\/frenchteacherhomestay.fr\/es\/wp-json\/wp\/v2\/types\/page"}],"author":[{"embeddable":true,"href":"https:\/\/frenchteacherhomestay.fr\/es\/wp-json\/wp\/v2\/users\/2"}],"replies":[{"embeddable":true,"href":"https:\/\/frenchteacherhomestay.fr\/es\/wp-json\/wp\/v2\/comments?post=2057"}],"version-history":[{"count":28,"href":"https:\/\/frenchteacherhomestay.fr\/es\/wp-json\/wp\/v2\/pages\/2057\/revisions"}],"predecessor-version":[{"id":4186,"href":"https:\/\/frenchteacherhomestay.fr\/es\/wp-json\/wp\/v2\/pages\/2057\/revisions\/4186"}],"wp:attachment":[{"href":"https:\/\/frenchteacherhomestay.fr\/es\/wp-json\/wp\/v2\/media?parent=2057"}],"curies":[{"name":"wp","href":"https:\/\/api.w.org\/{rel}","templated":true}]}}