{"id":4063,"date":"2024-01-11T16:25:20","date_gmt":"2024-01-11T15:25:20","guid":{"rendered":"https:\/\/frenchteacherhomestay.fr\/allgemeine-geschaeftsbedingungen\/"},"modified":"2024-01-11T16:25:20","modified_gmt":"2024-01-11T15:25:20","slug":"allgemeine-geschaeftsbedingungen","status":"publish","type":"page","link":"https:\/\/frenchteacherhomestay.fr\/de\/allgemeine-geschaeftsbedingungen\/","title":{"rendered":"Allgemeine Gesch\u00e4ftsbedingungen"},"content":{"rendered":"<p><b>ALLGEMEINE GESCH\u00c4FTSBEDINGUNGEN<\/b><\/p>\n<p>Artikel 1 &#8211; Anwendungsbereich<\/p>\n<p>Die vorliegenden Verkaufsbedingungen werden zwischen French Teacher Homestay, einem Unternehmen in Gr\u00fcndung, das Sprachaufenthalte in Immersion organisiert, und jeder nat\u00fcrlichen oder juristischen Person, Privatperson oder Fachperson, die sich f\u00fcr eine von French Teacher Homestay angebotene Leistung verpflichten m\u00f6chte, die auf der Website frenchteacherhomestay.fr zug\u00e4nglich ist, geschlossen.<\/p>\n<p>Artikel 2- Gegenstand<\/p>\n<p>Die Allgemeinen Gesch\u00e4ftsbedingungen definieren und umrahmen die Verkaufsmodalit\u00e4ten f\u00fcr Sprachaufenthalte, die bei French Teacher Homestay unter Ausschluss aller anderen Bedingungen abgeschlossen werden.<\/p>\n<p>Artikel 3 &#8211; Preise f\u00fcr Immersionssprachaufenthalte und die darin enthaltenen Leistungen<\/p>\n<p>Der Preis f\u00fcr den Aufenthalt wird auf der Website entsprechend der gew\u00e4hlten Optionen festgelegt.<\/p>\n<p>Artikel 4 &#8211; Anmeldung und Reservierung<\/p>\n<p>Die Anmeldung des Kunden zu den von French Teacher Homestay angebotenen Aufenthalten wird nach der Bestellung durch den Kunden auf der Website frenchteacherhomestay.fr wirksam. Minderj\u00e4hrige Teilnehmer m\u00fcssen per E-Mail eine von beiden Elternteilen unterschriebene Einverst\u00e4ndniserkl\u00e4rung sowie eine Kopie ihrer Krankenversicherung w\u00e4hrend ihres Aufenthalts in Frankreich beif\u00fcgen.<\/p>\n<p>Artikel 4.1 Zahlung der Buchung und Zahlung des Gesamtbetrags<\/p>\n<p>Der Kunde wird gebeten, bei der Bestellung eine Reservierungszahlung in H\u00f6he von 30% des gesamten Aufenthalts zu leisten. Diese Vorauszahlung erfolgt ausschlie\u00dflich \u00fcber die Website (sichere Zahlung). Die restlichen 70% werden zu Beginn des Aufenthalts an French Teacher Homestay gezahlt. French Teacher Homestay beh\u00e4lt sich das Recht vor, den Aufenthalt zu stornieren, wenn die Zahlung der 70% nicht innerhalb von 24 Stunden nach der Ankunft des Teilnehmers erfolgt ist.<\/p>\n<p>Artikel 5 &#8211; Stornierung, Verschiebung und Erstattung<\/p>\n<p>Wenn die Stornierung oder Verschiebung des Aufenthalts durch den Kunden weniger als 30 Tage vor Beginn der vereinbarten Leistungen erfolgt, werden die 30% der Reservierungszahlung nicht zur\u00fcckerstattet, es sei denn, es liegt h\u00f6here Gewalt vor. Wenn die Stornierung durch den Teilnehmer vor der 30-Tage-Frist erfolgt, wird die Vorauszahlung vollst\u00e4ndig zur\u00fcckerstattet. Wenn die Verschiebung vor dieser Frist von 30 Tagen beantragt wird, k\u00f6nnen die 30% von French Teacher Homestay f\u00fcr die Buchung anderer Aufenthaltsdaten einbehalten werden.<\/p>\n<p>Wenn Sie Ihren Aufenthalt aufgrund h\u00f6herer Gewalt verk\u00fcrzen m\u00fcssen, verpflichtet sich French Teacher Homestay, Ihnen den verbrauchten Aufenthalt anteilig zu erstatten.<\/p>\n<p>French Teacher Homestay.de beh\u00e4lt sich das Recht vor, den Aufenthalt im Falle h\u00f6herer Gewalt, die sie selbst betrifft, ohne Verz\u00f6gerung zu stornieren oder zu verk\u00fcrzen. Wenn der Aufenthalt nicht begonnen hat, wird der gesamte Betrag zur\u00fcckerstattet. Im Falle einer Stornierung w\u00e4hrend des Aufenthalts, , wird der Teilnehmer anteilig f\u00fcr den verbrauchten Aufenthalt zur\u00fcckerstattet.<\/p>\n<p><u>H\u00f6here Gewalt :<\/u><\/p>\n<p>Schwere Krankheit<\/p>\n<p>Unfall<\/p>\n<p>Krankenhausaufenthalt<\/p>\n<p>Naturkatastrophe<\/p>\n<p>Tod eines Angeh\u00f6rigen<\/p>\n<p>6. Versicherungen<\/p>\n<p>Unsere Teilnehmer verpflichten sich, einen Versicherungsvertrag abzuschlie\u00dfen, der Stornierungen, Unf\u00e4lle, Krankheiten, Verletzungen, Verlust oder Diebstahl von pers\u00f6nlichen Gegenst\u00e4nden und auch Unf\u00e4lle, in die Dritte verwickelt sind, abdeckt. Wir empfehlen dringend eine Haftpflichtversicherung. French Teacher Homestay kann unter keinen Umst\u00e4nden die Verantwortung f\u00fcr Unf\u00e4lle oder Sch\u00e4den \u00fcbernehmen, die Dritten oder dem Eigentum w\u00e4hrend der gesamten Dauer des Aufenthalts zugef\u00fcgt werden.<\/p>\n","protected":false},"excerpt":{"rendered":"<p>ALLGEMEINE GESCH\u00c4FTSBEDINGUNGEN Artikel 1 &#8211; Anwendungsbereich Die vorliegenden Verkaufsbedingungen werden [&hellip;]<\/p>\n","protected":false},"author":2,"featured_media":0,"parent":0,"menu_order":0,"comment_status":"closed","ping_status":"closed","template":"","meta":{"_glsr_average":0,"_glsr_ranking":0,"_glsr_reviews":0,"footnotes":""},"class_list":["post-4063","page","type-page","status-publish","hentry"],"_links":{"self":[{"href":"https:\/\/frenchteacherhomestay.fr\/de\/wp-json\/wp\/v2\/pages\/4063","targetHints":{"allow":["GET"]}}],"collection":[{"href":"https:\/\/frenchteacherhomestay.fr\/de\/wp-json\/wp\/v2\/pages"}],"about":[{"href":"https:\/\/frenchteacherhomestay.fr\/de\/wp-json\/wp\/v2\/types\/page"}],"author":[{"embeddable":true,"href":"https:\/\/frenchteacherhomestay.fr\/de\/wp-json\/wp\/v2\/users\/2"}],"replies":[{"embeddable":true,"href":"https:\/\/frenchteacherhomestay.fr\/de\/wp-json\/wp\/v2\/comments?post=4063"}],"version-history":[{"count":0,"href":"https:\/\/frenchteacherhomestay.fr\/de\/wp-json\/wp\/v2\/pages\/4063\/revisions"}],"wp:attachment":[{"href":"https:\/\/frenchteacherhomestay.fr\/de\/wp-json\/wp\/v2\/media?parent=4063"}],"curies":[{"name":"wp","href":"https:\/\/api.w.org\/{rel}","templated":true}]}}