{"id":2067,"date":"2023-12-21T20:57:38","date_gmt":"2023-12-21T19:57:38","guid":{"rendered":"https:\/\/frenchteacherhomestay.fr\/lernende-ferien-auffrischung-der-franzoesischkenntnisse\/"},"modified":"2024-01-16T17:09:52","modified_gmt":"2024-01-16T16:09:52","slug":"lernende-ferien-auffrischung-der-franzoesischkenntnisse","status":"publish","type":"page","link":"https:\/\/frenchteacherhomestay.fr\/de\/lernende-ferien-auffrischung-der-franzoesischkenntnisse\/","title":{"rendered":"Lernende Ferien: Auffrischung der Franz\u00f6sischkenntnisse"},"content":{"rendered":"<div class=\"fusion-fullwidth fullwidth-box fusion-builder-row-1 fusion-flex-container nonhundred-percent-fullwidth non-hundred-percent-height-scrolling\" style=\"--awb-border-radius-top-left:0px;--awb-border-radius-top-right:0px;--awb-border-radius-bottom-right:0px;--awb-border-radius-bottom-left:0px;--awb-padding-right-small:0px;--awb-padding-left-small:0px;--awb-flex-wrap:wrap;\" ><div class=\"fusion-builder-row fusion-row fusion-flex-align-items-flex-start fusion-flex-content-wrap\" style=\"max-width:1248px;margin-left: calc(-4% \/ 2 );margin-right: calc(-4% \/ 2 );\"><div class=\"fusion-layout-column fusion_builder_column fusion-builder-column-0 fusion_builder_column_1_1 1_1 fusion-flex-column\" style=\"--awb-bg-color:var(--awb-custom_color_4);--awb-bg-color-hover:var(--awb-custom_color_4);--awb-bg-size:cover;--awb-width-large:100%;--awb-margin-top-large:0px;--awb-spacing-right-large:1.92%;--awb-margin-bottom-large:0px;--awb-spacing-left-large:1.92%;--awb-width-medium:100%;--awb-spacing-right-medium:1.92%;--awb-spacing-left-medium:1.92%;--awb-width-small:100%;--awb-spacing-right-small:1.92%;--awb-spacing-left-small:1.92%;\"><div class=\"fusion-column-wrapper fusion-flex-justify-content-flex-start fusion-content-layout-column\"><i class=\"fb-icon-element-1 fb-icon-element fontawesome-icon bb-flower-2 circle-yes\" style=\"--awb-iconcolor:#000000;--awb-iconcolor-hover:#000000;--awb-circlecolor:var(--awb-custom_color_4);--awb-circlecolor-hover:var(--awb-custom_color_4);--awb-circlebordercolor:var(--awb-custom_color_4);--awb-circlebordercolor-hover:var(--awb-custom_color_4);--awb-circlebordersize:1px;--awb-font-size:70px;--awb-width:70px;--awb-height:70px;--awb-line-height:68px;--awb-margin-top:0;--awb-margin-right:0;--awb-margin-bottom:0;--awb-margin-left:0;--awb-align-self:center;\"><\/i><div class=\"fusion-title title fusion-title-1 fusion-sep-none fusion-title-center fusion-title-text fusion-title-size-one\" style=\"--awb-margin-top-small:-25px;\"><h1 class=\"fusion-title-heading title-heading-center fusion-responsive-typography-calculated\" style=\"margin:0;--fontSize:48;line-height:var(--awb-custom_typography_1-line-height);\"><p>Lernende Ferien<\/p>\n<p>Auffrischung der Franz\u00f6sischkenntnisse<\/p><\/h1><\/div><div class=\"fusion-text fusion-text-1\"><p>Rechtschreibschwierigkeiten sind ein Hindernis f\u00fcr die Eingliederung sowie f\u00fcr die berufliche und soziale Entwicklung. In jeder Lebensphase<strong>k\u00f6nnen Rechtschreib-, Grammatik- und Konjugationsfehler Ihnen T\u00fcren verschlie\u00dfen <\/strong>.  <\/p>\n<p>Denn diese L\u00fccken k\u00f6nnen sich <strong>negativ auf den Ruf eines Unternehmens<\/strong> und auf das Bild, das Sie bei Kunden und Partnern hinterlassen, auswirken.<\/p>\n<p>Au\u00dferdem sind viele <strong>Arbeitgeber nicht bereit, Arbeitnehmer einzustellen oder zu bef\u00f6rdern, die sich schriftlich oder m\u00fcndlich schlecht ausdr\u00fccken<\/strong> k\u00f6nnen. Mit anderen Worten: Wer Fehler macht, geht das Risiko ein, beruflich zu stagnieren.<\/p>\n<p>Laut einer Ipsos-Umfrage, die im Oktober 2021 f\u00fcr das Projet Voltaire durchgef\u00fchrt wurde, sind 92 % der Entscheidungstr\u00e4ger in der Tat der Ansicht, dass M\u00e4ngel in der Rechtschreibung oder im Ausdruck den Ruf und das Image ihres Unternehmens verschlechtern. Sie sind zu 65 % der Meinung, dass die finanzielle Leistung beeintr\u00e4chtigt wird, wenn E-Mails und Mitteilungen zu viele Deutschfehler enthalten.<\/p>\n<p>Mit den Lernferien, die in der Domaine des Sources angeboten werden, k\u00f6nnen Sie das N\u00fctzliche mit dem Angenehmen verbinden: Kinder, Jugendliche oder Erwachsene nutzen die verschiedenen Ressourcen des Hauses und des Parks, um <strong>einen unvergesslichen Aufenthalt zu verbringen, w\u00e4hrend Sie Ihr schriftliches und m\u00fcndliches Niveau auffrischen<\/strong>.<\/p>\n<\/div><\/div><\/div><\/div><\/div>\n","protected":false},"excerpt":{"rendered":"","protected":false},"author":2,"featured_media":0,"parent":0,"menu_order":0,"comment_status":"closed","ping_status":"closed","template":"100-width.php","meta":{"_glsr_average":0,"_glsr_ranking":0,"_glsr_reviews":0,"footnotes":""},"class_list":["post-2067","page","type-page","status-publish","hentry"],"_links":{"self":[{"href":"https:\/\/frenchteacherhomestay.fr\/de\/wp-json\/wp\/v2\/pages\/2067","targetHints":{"allow":["GET"]}}],"collection":[{"href":"https:\/\/frenchteacherhomestay.fr\/de\/wp-json\/wp\/v2\/pages"}],"about":[{"href":"https:\/\/frenchteacherhomestay.fr\/de\/wp-json\/wp\/v2\/types\/page"}],"author":[{"embeddable":true,"href":"https:\/\/frenchteacherhomestay.fr\/de\/wp-json\/wp\/v2\/users\/2"}],"replies":[{"embeddable":true,"href":"https:\/\/frenchteacherhomestay.fr\/de\/wp-json\/wp\/v2\/comments?post=2067"}],"version-history":[{"count":16,"href":"https:\/\/frenchteacherhomestay.fr\/de\/wp-json\/wp\/v2\/pages\/2067\/revisions"}],"predecessor-version":[{"id":4181,"href":"https:\/\/frenchteacherhomestay.fr\/de\/wp-json\/wp\/v2\/pages\/2067\/revisions\/4181"}],"wp:attachment":[{"href":"https:\/\/frenchteacherhomestay.fr\/de\/wp-json\/wp\/v2\/media?parent=2067"}],"curies":[{"name":"wp","href":"https:\/\/api.w.org\/{rel}","templated":true}]}}