{"id":2047,"date":"2023-12-05T20:56:51","date_gmt":"2023-12-05T19:56:51","guid":{"rendered":"https:\/\/frenchteacherhomestay.fr\/die-kurse\/"},"modified":"2024-02-17T20:59:18","modified_gmt":"2024-02-17T19:59:18","slug":"die-kurse","status":"publish","type":"page","link":"https:\/\/frenchteacherhomestay.fr\/de\/die-kurse\/","title":{"rendered":"Die Kurse"},"content":{"rendered":"<div class=\"fusion-fullwidth fullwidth-box fusion-builder-row-1 fusion-flex-container nonhundred-percent-fullwidth non-hundred-percent-height-scrolling\" style=\"--awb-border-sizes-top:50;--awb-border-sizes-bottom:100;--awb-border-color:var(--awb-custom_color_4);--awb-border-radius-top-left:0px;--awb-border-radius-top-right:0px;--awb-border-radius-bottom-right:0px;--awb-border-radius-bottom-left:0px;--awb-padding-top:0px;--awb-padding-bottom:0px;--awb-padding-right-small:0px;--awb-padding-left-small:0px;--awb-margin-top:0px;--awb-margin-bottom:0px;--awb-background-color:var(--awb-custom_color_4);--awb-flex-wrap:wrap;\" ><div class=\"fusion-builder-row fusion-row fusion-flex-align-items-flex-start fusion-flex-content-wrap\" style=\"max-width:1248px;margin-left: calc(-4% \/ 2 );margin-right: calc(-4% \/ 2 );\"><div class=\"fusion-layout-column fusion_builder_column fusion-builder-column-0 fusion_builder_column_1_1 1_1 fusion-flex-column\" style=\"--awb-bg-color:var(--awb-custom_color_4);--awb-bg-color-hover:var(--awb-custom_color_4);--awb-bg-size:cover;--awb-width-large:100%;--awb-margin-top-large:0px;--awb-spacing-right-large:1.92%;--awb-margin-bottom-large:0px;--awb-spacing-left-large:1.92%;--awb-width-medium:100%;--awb-spacing-right-medium:1.92%;--awb-spacing-left-medium:1.92%;--awb-width-small:100%;--awb-spacing-right-small:1.92%;--awb-spacing-left-small:1.92%;\"><div class=\"fusion-column-wrapper fusion-flex-justify-content-flex-start fusion-content-layout-column\"><i class=\"fb-icon-element-1 fb-icon-element fontawesome-icon bb-flower-2 circle-yes\" style=\"--awb-iconcolor:var(--awb-color7);--awb-iconcolor-hover:var(--awb-color7);--awb-circlecolor:var(--awb-custom_color_4);--awb-circlecolor-hover:var(--awb-custom_color_4);--awb-circlebordercolor:var(--awb-custom_color_4);--awb-circlebordercolor-hover:var(--awb-custom_color_4);--awb-circlebordersize:1px;--awb-font-size:61.6px;--awb-width:123.2px;--awb-height:123.2px;--awb-line-height:121.2px;--awb-align-self:center;--awb-margin-top:0px;--awb-margin-right:0px;--awb-margin-bottom:0px;--awb-margin-left:0px;\"><\/i><div class=\"fusion-title title fusion-title-1 fusion-sep-none fusion-title-center fusion-title-text fusion-title-size-one\" style=\"--awb-margin-top:-25px;--awb-margin-top-small:-30px;\"><h1 class=\"fusion-title-heading title-heading-center fusion-responsive-typography-calculated\" style=\"margin:0;text-transform:none;--fontSize:48;line-height:var(--awb-custom_typography_1-line-height);\">Die Kurse<\/h1><\/div><div class=\"fusion-text fusion-text-1\" style=\"--awb-content-alignment:center;\"><p>Mit 30 Jahren Erfahrung im Unterrichten von Franz\u00f6sisch passe <span style=\"color: var(--awb-text-color); font-family: var(--awb-text-font-family); font-size: var(--awb-font-size); font-style: var(--awb-text-font-style); letter-spacing: var(--awb-letter-spacing); text-align: var(--awb-content-alignment); text-transform: var(--awb-text-transform); background-color: var(--awb-bg-color);\">ich den Unterricht an Ihr Niveau, Ihr Tempo und Ihre pers\u00f6nlichen sowie beruflichen Ziele an und sorge daf\u00fcr, dass Sie in einer entspannten und herzlichen Atmosph\u00e4re lernen<\/span>.<\/p>\n<p><span style=\"color: var(--awb-text-color); font-family: var(--awb-text-font-family); font-size: var(--awb-font-size); font-style: var(--awb-text-font-style); letter-spacing: var(--awb-letter-spacing); text-align: var(--awb-content-alignment); text-transform: var(--awb-text-transform); background-color: var(--awb-bg-color);\">  Unabh\u00e4ngig davon, f\u00fcr welche Variante Sie sich entscheiden, wird der Unterricht schriftliches und m\u00fcndliches Verstehen und Sprechen kombinieren. Sie werden einzeln oder in kleinen Gruppen durchgef\u00fchrt, wenn mehrere Sch\u00fclerinnen und Sch\u00fcler desselben Niveaus anwesend sind.<\/span><\/p>\n<p>Auch wenn der traditionelle Unterricht notwendig ist, insbesondere was die Schriftsprache betrifft, sollten Sie nicht erwarten, st\u00e4ndig vor einem Schreibtisch oder einer Tafel zu sitzen: Konkrete Situationen werden auch ein Lernen auf spielerischere Weise erm\u00f6glichen. So k\u00f6nnen wir auch einkaufen gehen, kochen, im Park spazieren gehen, uns um die Tiere k\u00fcmmern, und Sie werden Fortschritte im Sprechen machen, ohne es zu merken!<\/p>\n<\/div><\/div><\/div><\/div><\/div>\n","protected":false},"excerpt":{"rendered":"","protected":false},"author":2,"featured_media":0,"parent":0,"menu_order":0,"comment_status":"closed","ping_status":"closed","template":"100-width.php","meta":{"_glsr_average":0,"_glsr_ranking":0,"_glsr_reviews":0,"footnotes":""},"class_list":["post-2047","page","type-page","status-publish","hentry"],"_links":{"self":[{"href":"https:\/\/frenchteacherhomestay.fr\/de\/wp-json\/wp\/v2\/pages\/2047","targetHints":{"allow":["GET"]}}],"collection":[{"href":"https:\/\/frenchteacherhomestay.fr\/de\/wp-json\/wp\/v2\/pages"}],"about":[{"href":"https:\/\/frenchteacherhomestay.fr\/de\/wp-json\/wp\/v2\/types\/page"}],"author":[{"embeddable":true,"href":"https:\/\/frenchteacherhomestay.fr\/de\/wp-json\/wp\/v2\/users\/2"}],"replies":[{"embeddable":true,"href":"https:\/\/frenchteacherhomestay.fr\/de\/wp-json\/wp\/v2\/comments?post=2047"}],"version-history":[{"count":27,"href":"https:\/\/frenchteacherhomestay.fr\/de\/wp-json\/wp\/v2\/pages\/2047\/revisions"}],"predecessor-version":[{"id":4297,"href":"https:\/\/frenchteacherhomestay.fr\/de\/wp-json\/wp\/v2\/pages\/2047\/revisions\/4297"}],"wp:attachment":[{"href":"https:\/\/frenchteacherhomestay.fr\/de\/wp-json\/wp\/v2\/media?parent=2047"}],"curies":[{"name":"wp","href":"https:\/\/api.w.org\/{rel}","templated":true}]}}