{"id":1973,"date":"2022-12-19T16:20:41","date_gmt":"2022-12-19T15:20:41","guid":{"rendered":"https:\/\/frenchteacherhomestay.fr\/ihre-lehrerin\/"},"modified":"2023-12-31T13:11:23","modified_gmt":"2023-12-31T12:11:23","slug":"ihre-lehrerin","status":"publish","type":"page","link":"https:\/\/frenchteacherhomestay.fr\/de\/ihre-lehrerin\/","title":{"rendered":"Ihre Lehrerin"},"content":{"rendered":"<div class=\"fusion-fullwidth fullwidth-box fusion-builder-row-1 fusion-flex-container has-pattern-background has-mask-background hundred-percent-fullwidth non-hundred-percent-height-scrolling\" style=\"--awb-background-position:left center;--awb-border-radius-top-left:0px;--awb-border-radius-top-right:0px;--awb-border-radius-bottom-right:0px;--awb-border-radius-bottom-left:0px;--awb-padding-top:0px;--awb-padding-bottom:0px;--awb-padding-top-medium:90px;--awb-padding-bottom-medium:90px;--awb-padding-top-small:0px;--awb-padding-right-small:0px;--awb-padding-bottom-small:0px;--awb-padding-left-small:0px;--awb-background-color:var(--awb-custom_color_4);--awb-flex-wrap:wrap;\" ><div class=\"fusion-builder-row fusion-row fusion-flex-align-items-flex-start fusion-flex-justify-content-center fusion-flex-content-wrap\" style=\"width:calc( 100% + 100px ) !important;max-width:calc( 100% + 100px ) !important;margin-left: calc(-100px \/ 2 );margin-right: calc(-100px \/ 2 );\"><div class=\"fusion-layout-column fusion_builder_column fusion-builder-column-0 fusion_builder_column_1_1 1_1 fusion-flex-column fusion-animated\" style=\"--awb-padding-bottom:46px;--awb-padding-bottom-small:0px;--awb-bg-color:var(--awb-custom_color_4);--awb-bg-color-hover:var(--awb-custom_color_4);--awb-bg-size:cover;--awb-width-large:100%;--awb-margin-top-large:0px;--awb-spacing-right-large:50px;--awb-margin-bottom-large:0px;--awb-spacing-left-large:50px;--awb-width-medium:100%;--awb-order-medium:0;--awb-spacing-right-medium:50px;--awb-spacing-left-medium:50px;--awb-width-small:100%;--awb-order-small:0;--awb-spacing-right-small:50px;--awb-margin-bottom-small:68px;--awb-spacing-left-small:50px;\" data-animationType=\"fadeInDown\" data-animationDuration=\"0.8\" data-animationDelay=\"0.2\" data-animationOffset=\"top-into-view\"><div class=\"fusion-column-wrapper fusion-column-has-shadow fusion-flex-justify-content-flex-start fusion-content-layout-column\"><i class=\"fb-icon-element-1 fb-icon-element fontawesome-icon bb-flower-2 circle-no\" style=\"--awb-iconcolor:var(--awb-color8);--awb-iconcolor-hover:var(--awb-color8);--awb-font-size:70px;--awb-margin-top:0;--awb-margin-right:0;--awb-margin-bottom:0;--awb-margin-left:0;--awb-align-self:center;\"><\/i><div class=\"fusion-title title fusion-title-1 fusion-sep-none fusion-title-center fusion-title-text fusion-title-size-one\" style=\"--awb-text-color:var(--awb-color8);--awb-margin-bottom:20px;--awb-margin-bottom-small:20px;--awb-sep-color:var(--awb-color3);\"><h1 class=\"fusion-title-heading title-heading-center fusion-responsive-typography-calculated\" style=\"margin:0;--fontSize:48;line-height:var(--awb-custom_typography_1-line-height);\">Ihre Lehrerin<\/h1><\/div><div class=\"fusion-text fusion-text-1 fusion-text-no-margin\" style=\"--awb-content-alignment:center;--awb-margin-top:0px;\"><p style=\"text-align: left;\">Mein Name ist C\u00e9line, ich bin 50 Jahre alt, verheiratet und Mutter und Schwiegermutter von vier Kindern. Ich bin seit 30 Jahren zertifizierte Lehrerin f\u00fcr Literatur, davon 22 Jahre in einer REP-Schule, mit Sch\u00fclern ausl\u00e4ndischer Herkunft, die teilweise fremdsprachig sind; ich habe auch Latein unterrichtet und 15 Jahre lang einen Theaterworkshop geleitet.&nbsp;  Ich liebe meinen Beruf als Lehrerin sehr, den ich mit Elan und P\u00e4dagogik aus\u00fcbe. Ich baue schnell herzliche Beziehungen zu anderen Menschen auf und arbeite gerne in guter Stimmung. Neben meinem Beruf tanze ich seit 35 Jahren bretonischen Tanz, den ich mit Leichtigkeit unterrichten kann, und singe in einer Fest Noz-Gruppe aus Morbihan. Mein Mann ist ein fr\u00fchpensionierter Ingenieur. Er teilt seine Tage zwischen der Musik (er spielt Klavier und Gitarre und schreibt Lieder), und dem Leben auf unserem Anwesen.<\/p>\n<\/div><\/div><\/div><div class=\"fusion-layout-column fusion_builder_column fusion-builder-column-1 fusion_builder_column_2_3 2_3 fusion-flex-column\" style=\"--awb-padding-right:23px;--awb-padding-left:26px;--awb-bg-size:cover;--awb-width-large:66.666666666667%;--awb-margin-top-large:0px;--awb-spacing-right-large:50px;--awb-margin-bottom-large:0px;--awb-spacing-left-large:50px;--awb-width-medium:66.666666666667%;--awb-order-medium:0;--awb-spacing-right-medium:50px;--awb-spacing-left-medium:50px;--awb-width-small:100%;--awb-order-small:0;--awb-spacing-right-small:50px;--awb-margin-bottom-small:0px;--awb-spacing-left-small:50px;\"><div class=\"fusion-column-wrapper fusion-column-has-shadow fusion-flex-justify-content-flex-start fusion-content-layout-column\"><div class=\"fusion-image-element \" style=\"text-align:center;--awb-aspect-ratio:1 \/ 1;--awb-object-position:49% 50%;--awb-margin-top:0px;--awb-margin-bottom:0px;--awb-caption-title-font-family:var(--h2_typography-font-family);--awb-caption-title-font-weight:var(--h2_typography-font-weight);--awb-caption-title-font-style:var(--h2_typography-font-style);--awb-caption-title-size:var(--h2_typography-font-size);--awb-caption-title-transform:var(--h2_typography-text-transform);--awb-caption-title-line-height:var(--h2_typography-line-height);--awb-caption-title-letter-spacing:var(--h2_typography-letter-spacing);\"><span class=\" fusion-imageframe imageframe-none imageframe-1 hover-type-none has-aspect-ratio fusion-animated\" style=\"--awb-animation-color:var(--awb-color2);\" data-animationType=\"revealInLeft\" data-animationDuration=\"1.3\" data-animationDelay=\"0.3\" data-animationOffset=\"top-into-view\"><img decoding=\"async\" width=\"300\" height=\"300\" title=\"Moi.1jpg\" src=\"https:\/\/frenchteacherhomestay.fr\/wp-content\/uploads\/2023\/12\/Moi.1jpg-1.jpg\" data-orig-src=\"https:\/\/frenchteacherhomestay.fr\/wp-content\/uploads\/2023\/12\/Moi.1jpg-1-300x300.jpg\" class=\"lazyload img-responsive wp-image-1888 img-with-aspect-ratio\" alt srcset=\"data:image\/svg+xml,%3Csvg%20xmlns%3D%27http%3A%2F%2Fwww.w3.org%2F2000%2Fsvg%27%20width%3D%27946%27%20height%3D%27947%27%20viewBox%3D%270%200%20946%20947%27%3E%3Crect%20width%3D%27946%27%20height%3D%27947%27%20fill-opacity%3D%220%22%2F%3E%3C%2Fsvg%3E\" data-srcset=\"https:\/\/frenchteacherhomestay.fr\/wp-content\/uploads\/2023\/12\/Moi.1jpg-1-200x200.jpg 200w, https:\/\/frenchteacherhomestay.fr\/wp-content\/uploads\/2023\/12\/Moi.1jpg-1-400x400.jpg 400w, https:\/\/frenchteacherhomestay.fr\/wp-content\/uploads\/2023\/12\/Moi.1jpg-1-600x601.jpg 600w, https:\/\/frenchteacherhomestay.fr\/wp-content\/uploads\/2023\/12\/Moi.1jpg-1-800x801.jpg 800w, https:\/\/frenchteacherhomestay.fr\/wp-content\/uploads\/2023\/12\/Moi.1jpg-1.jpg 946w\" data-sizes=\"auto\" data-orig-sizes=\"(max-width: 640px) 100vw, 800px\" \/><\/span><\/div><\/div><\/div><\/div><\/div>\n","protected":false},"excerpt":{"rendered":"","protected":false},"author":1,"featured_media":0,"parent":0,"menu_order":0,"comment_status":"closed","ping_status":"closed","template":"100-width.php","meta":{"_glsr_average":0,"_glsr_ranking":0,"_glsr_reviews":0,"footnotes":""},"class_list":["post-1973","page","type-page","status-publish","hentry"],"_links":{"self":[{"href":"https:\/\/frenchteacherhomestay.fr\/de\/wp-json\/wp\/v2\/pages\/1973","targetHints":{"allow":["GET"]}}],"collection":[{"href":"https:\/\/frenchteacherhomestay.fr\/de\/wp-json\/wp\/v2\/pages"}],"about":[{"href":"https:\/\/frenchteacherhomestay.fr\/de\/wp-json\/wp\/v2\/types\/page"}],"author":[{"embeddable":true,"href":"https:\/\/frenchteacherhomestay.fr\/de\/wp-json\/wp\/v2\/users\/1"}],"replies":[{"embeddable":true,"href":"https:\/\/frenchteacherhomestay.fr\/de\/wp-json\/wp\/v2\/comments?post=1973"}],"version-history":[{"count":8,"href":"https:\/\/frenchteacherhomestay.fr\/de\/wp-json\/wp\/v2\/pages\/1973\/revisions"}],"predecessor-version":[{"id":3397,"href":"https:\/\/frenchteacherhomestay.fr\/de\/wp-json\/wp\/v2\/pages\/1973\/revisions\/3397"}],"wp:attachment":[{"href":"https:\/\/frenchteacherhomestay.fr\/de\/wp-json\/wp\/v2\/media?parent=1973"}],"curies":[{"name":"wp","href":"https:\/\/api.w.org\/{rel}","templated":true}]}}