{"id":1909,"date":"2022-12-02T16:26:08","date_gmt":"2022-12-02T15:26:08","guid":{"rendered":"https:\/\/frenchteacherhomestay.fr\/interesse-an-immersion\/"},"modified":"2024-02-17T21:04:22","modified_gmt":"2024-02-17T20:04:22","slug":"interesse-an-immersion","status":"publish","type":"page","link":"https:\/\/frenchteacherhomestay.fr\/de\/interesse-an-immersion\/","title":{"rendered":"Interesse an Immersion"},"content":{"rendered":"<div class=\"fusion-fullwidth fullwidth-box fusion-builder-row-1 fusion-flex-container has-pattern-background has-mask-background nonhundred-percent-fullwidth non-hundred-percent-height-scrolling\" style=\"--awb-background-position:left center;--awb-border-sizes-top:0;--awb-border-sizes-bottom:0;--awb-border-radius-top-left:0px;--awb-border-radius-top-right:0px;--awb-border-radius-bottom-right:0px;--awb-border-radius-bottom-left:0px;--awb-padding-top:0px;--awb-padding-bottom:0px;--awb-padding-top-medium:90px;--awb-padding-bottom-medium:90px;--awb-padding-top-small:0px;--awb-padding-right-small:0px;--awb-padding-bottom-small:0px;--awb-padding-left-small:0px;--awb-background-color:var(--awb-custom_color_4);--awb-flex-wrap:wrap;\" ><div class=\"fusion-builder-row fusion-row fusion-flex-align-items-flex-start fusion-flex-justify-content-center fusion-flex-content-wrap\" style=\"max-width:1248px;margin-left: calc(-4% \/ 2 );margin-right: calc(-4% \/ 2 );\"><div class=\"fusion-layout-column fusion_builder_column fusion-builder-column-0 fusion_builder_column_1_1 1_1 fusion-flex-column fusion-animated\" style=\"--awb-bg-color:var(--awb-custom_color_4);--awb-bg-color-hover:var(--awb-custom_color_4);--awb-bg-size:cover;--awb-width-large:100%;--awb-margin-top-large:0px;--awb-spacing-right-large:1.92%;--awb-margin-bottom-large:0px;--awb-spacing-left-large:1.92%;--awb-width-medium:100%;--awb-order-medium:0;--awb-spacing-right-medium:1.92%;--awb-spacing-left-medium:1.92%;--awb-width-small:100%;--awb-order-small:0;--awb-spacing-right-small:1.92%;--awb-margin-bottom-small:0px;--awb-spacing-left-small:1.92%;\" data-animationType=\"fadeInDown\" data-animationDuration=\"0.8\" data-animationDelay=\"0.2\" data-animationOffset=\"top-into-view\"><div class=\"fusion-column-wrapper fusion-column-has-shadow fusion-flex-justify-content-flex-start fusion-content-layout-column\"><i class=\"fb-icon-element-1 fb-icon-element fontawesome-icon bb-flower-2 circle-yes\" style=\"--awb-iconcolor:var(--awb-color8);--awb-iconcolor-hover:var(--awb-color8);--awb-circlecolor:var(--awb-custom_color_4);--awb-circlecolor-hover:var(--awb-custom_color_4);--awb-circlebordercolor:var(--awb-custom_color_4);--awb-circlebordercolor-hover:var(--awb-custom_color_4);--awb-circlebordersize:1px;--awb-font-size:61.6px;--awb-width:123.2px;--awb-height:123.2px;--awb-line-height:121.2px;--awb-margin-top:0;--awb-margin-right:0;--awb-margin-bottom:0;--awb-margin-left:0;--awb-align-self:center;\"><\/i><div class=\"fusion-title title fusion-title-1 fusion-sep-none fusion-title-center fusion-title-text fusion-title-size-one\" style=\"--awb-font-size:var(--awb-custom_typography_5-font-size);\"><h1 class=\"fusion-title-heading title-heading-center fusion-responsive-typography-calculated\" style=\"font-family:var(--awb-custom_typography_5-font-family);font-weight:var(--awb-custom_typography_5-font-weight);font-style:var(--awb-custom_typography_5-font-style);margin:0;font-size:1em;letter-spacing:var(--awb-custom_typography_5-letter-spacing);text-transform:var(--awb-custom_typography_5-text-transform);--fontSize:22;--minFontSize:22;line-height:var(--awb-custom_typography_5-line-height);\">Eintauchen in die Sprache<\/h1><\/div><div class=\"fusion-title title fusion-title-2 fusion-sep-none fusion-title-center fusion-title-text fusion-title-size-paragraph\" style=\"--awb-text-color:var(--awb-color8);--awb-margin-bottom:20px;--awb-margin-bottom-small:20px;--awb-sep-color:var(--awb-color3);--awb-font-size:var(--awb-custom_typography_1-font-size);\"><p class=\"fusion-title-heading title-heading-center title-heading-tag fusion-responsive-typography-calculated\" style=\"font-family:var(--awb-custom_typography_1-font-family);font-weight:var(--awb-custom_typography_1-font-weight);font-style:var(--awb-custom_typography_1-font-style);margin:0;font-size:1em;letter-spacing:var(--awb-custom_typography_1-letter-spacing);text-transform:var(--awb-custom_typography_1-text-transform);--fontSize:48;line-height:var(--awb-custom_typography_1-line-height);\">Immersion &#8211; der ideale Weg, eine Sprache zu lernen<\/p><\/div><div class=\"fusion-text fusion-text-1 sm-text-align-left fusion-text-no-margin\" style=\"--awb-content-alignment:center;\"><p>Das Immersionslernen ist eine hervorragende Methode, bei der eine Sprache auf m\u00f6glichst authentische und nat\u00fcrliche Weise gelernt wird. Sie reproduziert die Lernmuster der Kindheit f\u00fcr die Muttersprache. Der Prozess ist nat\u00fcrlich und besteht vor allem aus Zuh\u00f6ren, Einpr\u00e4gen und Sprechen. Der Sch\u00fcler macht also meist Fortschritte, ohne es zu merken und ohne das Gef\u00fchl zu haben, dass er sich anstrengt.<\/p>\n<p>Da der Sch\u00fcler gezwungen ist, den ganzen Tag \u00fcber zu kommunizieren, hat er viel Zeit, Fehler zu machen, sie zu korrigieren und allm\u00e4hlich an Selbstvertrauen zu gewinnen. Eine Sprachimmersion ist nicht nur eine Lernmodalit\u00e4t, ein Sprachaufenthalt ist auch eine Urlaubszeit.<\/p>\n<p>Diese Art von Reise erm\u00f6glicht es Ihnen auch, in die Kultur des Landes einzutauchen. Bekanntschaften zu machen und sich auszutauschen. Sie werden in einer v\u00f6llig entspannten, herzlichen Atmosph\u00e4re lernen k\u00f6nnen.<\/p>\n<p>Hier erfahren Sie, warum ein Immersionsaufenthalt, auch wenn er nur f\u00fcr ein paar Wochen ist, eine ideale M\u00f6glichkeit ist, eine Sprache zu lernen.<\/p>\n<\/div><\/div><\/div><\/div><\/div>\n","protected":false},"excerpt":{"rendered":"","protected":false},"author":1,"featured_media":0,"parent":0,"menu_order":0,"comment_status":"closed","ping_status":"closed","template":"100-width.php","meta":{"_glsr_average":0,"_glsr_ranking":0,"_glsr_reviews":0,"footnotes":""},"class_list":["post-1909","page","type-page","status-publish","hentry"],"_links":{"self":[{"href":"https:\/\/frenchteacherhomestay.fr\/de\/wp-json\/wp\/v2\/pages\/1909","targetHints":{"allow":["GET"]}}],"collection":[{"href":"https:\/\/frenchteacherhomestay.fr\/de\/wp-json\/wp\/v2\/pages"}],"about":[{"href":"https:\/\/frenchteacherhomestay.fr\/de\/wp-json\/wp\/v2\/types\/page"}],"author":[{"embeddable":true,"href":"https:\/\/frenchteacherhomestay.fr\/de\/wp-json\/wp\/v2\/users\/1"}],"replies":[{"embeddable":true,"href":"https:\/\/frenchteacherhomestay.fr\/de\/wp-json\/wp\/v2\/comments?post=1909"}],"version-history":[{"count":18,"href":"https:\/\/frenchteacherhomestay.fr\/de\/wp-json\/wp\/v2\/pages\/1909\/revisions"}],"predecessor-version":[{"id":4309,"href":"https:\/\/frenchteacherhomestay.fr\/de\/wp-json\/wp\/v2\/pages\/1909\/revisions\/4309"}],"wp:attachment":[{"href":"https:\/\/frenchteacherhomestay.fr\/de\/wp-json\/wp\/v2\/media?parent=1909"}],"curies":[{"name":"wp","href":"https:\/\/api.w.org\/{rel}","templated":true}]}}